{"id":4577,"date":"2024-02-19T14:09:23","date_gmt":"2024-02-19T11:09:23","guid":{"rendered":"https:\/\/www.plastagri.com\/elevator-bantlari\/"},"modified":"2024-03-26T14:56:23","modified_gmt":"2024-03-26T11:56:23","slug":"elevator-belts","status":"publish","type":"page","link":"https:\/\/www.plastagri.com\/en\/elevator-belts\/","title":{"rendered":"Elevator Belts"},"content":{"rendered":"<p>[vc_row css=&#8221;.vc_custom_1708078742068{margin-bottom: 0px !important;border-bottom-width: 0px !important;padding-bottom: 0px !important;}&#8221; mobile_bg_img_hidden=&#8221;no&#8221; tablet_bg_img_hidden=&#8221;no&#8221; woodmart_parallax=&#8221;0&#8243; woodmart_gradient_switch=&#8221;no&#8221; row_reverse_mobile=&#8221;0&#8243; row_reverse_tablet=&#8221;0&#8243; woodmart_disable_overflow=&#8221;0&#8243;][vc_column width=&#8221;1\/2&#8243; offset=&#8221;vc_col-lg-6 vc_col-md-6 vc_col-xs-12&#8243; mobile_bg_img_hidden=&#8221;no&#8221; tablet_bg_img_hidden=&#8221;no&#8221; woodmart_parallax=&#8221;0&#8243; woodmart_sticky_column=&#8221;false&#8221; parallax_scroll=&#8221;no&#8221; mobile_reset_margin=&#8221;no&#8221; tablet_reset_margin=&#8221;no&#8221;]\t\t\t<div id=\"wd-65e648257d5dd\" class=\"wd-text-block-wrapper wd-wpb wd-rs-65e648257d5dd color-scheme-dark text-left wd-off-anim wpb_animate_when_almost_visible wpb_wd-slide-from-left wd-slide-from-left wd-anim-name_wd-slide-from-left wd-width-enabled vc_custom_1709590569931\" style=\"--wd-max-width: 90%;\">\n\t\t\t\t<div class=\"woodmart-title-container woodmart-text-block reset-last-child font-primary wd-font-weight-600 wd-fontsize-xxxl\">\n\t\t\t\t\t<\/p>\n<h2><span class=\"color-primary\">High Tensile Strength<br \/>\n<\/span>Elevator Belts<\/h2>\n<p>\t\t\t\t<\/div>\n\n\t\t\t\t\t\t\t<\/div>\n\t\t\t\t\t<div id=\"wd-65e64d267f153\" class=\"wd-text-block-wrapper wd-wpb wd-rs-65e64d267f153 color-scheme- text-left wd-off-anim wpb_animate_when_almost_visible wpb_wd-slide-from-left wd-slide-from-left wd-anim-name_wd-slide-from-left wd-width-enabled vc_custom_1709591858995\" style=\"--wd-max-width: 90%;\">\n\t\t\t\t<div class=\"woodmart-title-container woodmart-text-block reset-last-child font-text wd-font-weight-400 \">\n\t\t\t\t\t<\/p>\n<div>\n<p>In elevators; belts, Buckets, and Bolts are important spare parts. In production lines, Elevators have different duties. During the selection of belts working environment, product to be pulled, speed, etc. factors must be taken into consideration. To provide strength, the EP Cord fabric quality must be selected correctly and whether it provides the necessary strength or not. And also working temperature, oil resist, open or closed edges, etc points are the most important. As PlastAgri, we suggest the right Belts for elevators and provide desired length from 100mm to 1000mm in sizes and lengths.<\/p>\n<\/div>\n<p>\t\t\t\t<\/div>\n\n\t\t\t\t\t\t\t<\/div>\n\t\t[vc_row_inner][vc_column_inner width=&#8221;1\/2&#8243;]\n\t\t<ul class=\" wd-rs-65e6491a9a9de wd-list wd-wpb color-scheme- wd-fontsize-xs wd-type-icon wd-style-default text-left wd-off-anim wpb_animate_when_almost_visible wpb_fadeIn fadeIn wd-anim-name_fadeIn bold \" id=\"wd-65e6491a9a9de\">\n\t\t\t\t\t\t\t\t\t\t\t<li>\n\t\t\t\t\t<span class=\"wd-icon fas fa-angle-double-right\"><\/span>\n\t\t\t\t\t<span class=\"wd-list-content list-content\">\n\t\t\t\t\t\t\t\t\t\t\t\t\tOil Resistant\t\t\t\t\t\t\t\t\t\t\t<\/span>\n\t\t\t\t<\/li>\n\t\t\t\t\t\t\t\t\t\t\t<li>\n\t\t\t\t\t<span class=\"wd-icon fas fa-angle-double-right\"><\/span>\n\t\t\t\t\t<span class=\"wd-list-content list-content\">\n\t\t\t\t\t\t\t\t\t\t\t\t\tCut & Closed Edged\t\t\t\t\t\t\t\t\t\t\t<\/span>\n\t\t\t\t<\/li>\n\t\t\t\t\t\t\t\t\t\t\t<li>\n\t\t\t\t\t<span class=\"wd-icon fas fa-angle-double-right\"><\/span>\n\t\t\t\t\t<span class=\"wd-list-content list-content\">\n\t\t\t\t\t\t\t\t\t\t\t\t\tSpeacial Coated Belts\t\t\t\t\t\t\t\t\t\t\t<\/span>\n\t\t\t\t<\/li>\n\t\t\t\t\t\t\t\t\t\t\t<li>\n\t\t\t\t\t<span class=\"wd-icon fas fa-angle-double-right\"><\/span>\n\t\t\t\t\t<span class=\"wd-list-content list-content\">\n\t\t\t\t\t\t\t\t\t\t\t\t\tHeat Resist Belts\t\t\t\t\t\t\t\t\t\t\t<\/span>\n\t\t\t\t<\/li>\n\t\t\t\t\t<\/ul>\n\t\t[\/vc_column_inner][vc_column_inner width=&#8221;1\/2&#8243;]\n\t\t<ul class=\" wd-rs-65e64955677db wd-list wd-wpb color-scheme- wd-fontsize-xs wd-type-icon wd-style-default text-left wd-off-anim wpb_animate_when_almost_visible wpb_fadeIn fadeIn wd-anim-name_fadeIn bold \" id=\"wd-65e64955677db\">\n\t\t\t\t\t\t\t\t\t\t\t<li>\n\t\t\t\t\t<span class=\"wd-icon fas fa-angle-double-right\"><\/span>\n\t\t\t\t\t<span class=\"wd-list-content list-content\">\n\t\t\t\t\t\t\t\t\t\t\t\t\tEP Cord Fabric Belts\t\t\t\t\t\t\t\t\t\t\t<\/span>\n\t\t\t\t<\/li>\n\t\t\t\t\t\t\t\t\t\t\t<li>\n\t\t\t\t\t<span class=\"wd-icon fas fa-angle-double-right\"><\/span>\n\t\t\t\t\t<span class=\"wd-list-content list-content\">\n\t\t\t\t\t\t\t\t\t\t\t\t\tAnti-Static Belts\t\t\t\t\t\t\t\t\t\t\t<\/span>\n\t\t\t\t<\/li>\n\t\t\t\t\t<\/ul>\n\t\t[\/vc_column_inner][\/vc_row_inner][\/vc_column][vc_column width=&#8221;1\/2&#8243; mobile_bg_img_hidden=&#8221;no&#8221; tablet_bg_img_hidden=&#8221;no&#8221; woodmart_parallax=&#8221;0&#8243; woodmart_sticky_column=&#8221;false&#8221; parallax_scroll=&#8221;no&#8221; mobile_reset_margin=&#8221;no&#8221; tablet_reset_margin=&#8221;no&#8221;][vc_single_image image=&#8221;4528&#8243; img_size=&#8221;large&#8221; parallax_scroll=&#8221;no&#8221;][vc_single_image image=&#8221;4546&#8243; img_size=&#8221;large&#8221; alignment=&#8221;center&#8221; parallax_scroll=&#8221;no&#8221; woodmart_inline=&#8221;no&#8221;][\/vc_column][\/vc_row][vc_row mobile_bg_img_hidden=&#8221;no&#8221; tablet_bg_img_hidden=&#8221;no&#8221; woodmart_parallax=&#8221;0&#8243; woodmart_gradient_switch=&#8221;no&#8221; row_reverse_mobile=&#8221;0&#8243; row_reverse_tablet=&#8221;0&#8243; woodmart_disable_overflow=&#8221;0&#8243;][vc_column][vc_separator style=&#8221;dotted&#8221; border_width=&#8221;2&#8243;]\t\t\t<div id=\"wd-65e649b4c12f4\" class=\"wd-text-block-wrapper wd-wpb wd-rs-65e649b4c12f4 color-scheme-dark text-center \">\n\t\t\t\t<div class=\"woodmart-title-container woodmart-text-block reset-last-child font-primary wd-font-weight-600 wd-fontsize-xxl\">\n\t\t\t\t\t<\/p>\n<h2>Technical Details<\/h2>\n<p>\t\t\t\t<\/div>\n\n\t\t\t\t\t\t\t<\/div>\n\t\t[\/vc_column][\/vc_row][vc_row][vc_column width=&#8221;1\/2&#8243;][vc_column_text text_larger=&#8221;no&#8221; woodmart_inline=&#8221;no&#8221;]<\/p>\n<table>\n<tbody>\n<tr>\n<th>Production Standard<\/th>\n<td style=\"text-align: right;\">\n<p class=\"p1\">ISO 14890 DIN 22102 and 22104<\/p>\n<\/td>\n<\/tr>\n<tr>\n<th>Cord Fabric<\/th>\n<td style=\"text-align: right;\">Nylon \/ Polyester<\/td>\n<\/tr>\n<tr>\n<th>Belt Weight<\/th>\n<td style=\"text-align: right;\"><b>~ <\/b>11 kg\/m<\/td>\n<\/tr>\n<tr>\n<th>Rubber Quality<\/th>\n<td style=\"text-align: right;\">ISO 37 \u226417 MPA<\/td>\n<\/tr>\n<tr>\n<th>Breaking Strength<\/th>\n<td style=\"text-align: right;\">\n<p class=\"p1\">&gt;= 20 N\/mm<\/p>\n<\/td>\n<\/tr>\n<tr>\n<th>Abrasion<\/th>\n<td style=\"text-align: right;\">&lt;= 130 mm<\/td>\n<\/tr>\n<tr>\n<th>Coating Density<\/th>\n<td style=\"text-align: right;\">1,50 \u00b1 0,3 gram\/cm<\/td>\n<\/tr>\n<tr>\n<th>Heat Resistance<\/th>\n<td style=\"text-align: right;\">-45 till 130C<\/td>\n<\/tr>\n<tr>\n<th>Width<\/th>\n<td style=\"text-align: right;\">\n<p class=\"p1\">EN ISO 1000 +\/- 1% mm<\/p>\n<\/td>\n<\/tr>\n<tr>\n<th>Thickness<\/th>\n<td style=\"text-align: right;\">EN ISO 583 12 +\/- 10% mm<\/td>\n<\/tr>\n<tr>\n<th>Plies<\/th>\n<td style=\"text-align: right;\">4-5-6<\/td>\n<\/tr>\n<tr>\n<th>Breaking Strength<\/th>\n<td style=\"text-align: right;\">EN ISO 283 \u2000\u22651000 kN\/m<\/td>\n<\/tr>\n<tr>\n<th>Elongation at Break<\/th>\n<td style=\"text-align: right;\">EN ISO 283 \u226510<\/td>\n<\/tr>\n<tr>\n<th>Maximum Elongation<\/th>\n<td style=\"text-align: right;\">EN ISO 583 \u22641,5 %<\/td>\n<\/tr>\n<\/tbody>\n<\/table>\n<p>[\/vc_column_text][\/vc_column][vc_column width=&#8221;1\/2&#8243;][vc_column_text text_larger=&#8221;no&#8221; woodmart_inline=&#8221;no&#8221;]<\/p>\n<table>\n<tbody>\n<tr>\n<th>Fabric Type<\/th>\n<td style=\"text-align: right;\">\n<p class=\"p1\">EP125-160-200<\/p>\n<\/td>\n<\/tr>\n<tr>\n<th>Breaking Strength &#8211; Warp<\/th>\n<td style=\"text-align: right;\">min. 200 N\/mm<\/td>\n<\/tr>\n<tr>\n<th>Breaking Strength &#8211; Weft<\/th>\n<td style=\"text-align: right;\">min.N\/mm100<\/td>\n<\/tr>\n<tr>\n<th>Cover Coating Thickness<\/th>\n<td style=\"text-align: right;\">EN ISO 5832+1\/-0,3mm<\/td>\n<\/tr>\n<tr>\n<th>Under Coating Thickness<\/th>\n<td style=\"text-align: right;\">\n<p class=\"p1\">EN ISO 583 2+1\/-0,2mm<\/p>\n<\/td>\n<\/tr>\n<tr>\n<th>Elongation at Break<\/th>\n<td style=\"text-align: right;\">ISO 37 450%<\/td>\n<\/tr>\n<tr>\n<th>Hardness<\/th>\n<td style=\"text-align: right;\">ISO 7619-1\u00a0 \u00a0 \u00a0 65 +\/- 5ShA<\/td>\n<\/tr>\n<tr>\n<th>Holes<\/th>\n<td style=\"text-align: right;\">Any<\/td>\n<\/tr>\n<tr>\n<th>Intensity<\/th>\n<td style=\"text-align: right;\">\n<p class=\"p1\">ISO 2781+AC1 1,14 +\/- 0,02g\/m<b>\u00b3<\/b><\/p>\n<\/td>\n<\/tr>\n<tr>\n<th>Upper Cover\/Cord Fabric<\/th>\n<td style=\"text-align: right;\">EN ISO 252 \u2265 10,00N\/m<b>\u00b3<\/b><\/td>\n<\/tr>\n<tr>\n<th>Between Plies<\/th>\n<td style=\"text-align: right;\">EN ISO 252 \u2265 12,00N\/m<b>\u00b3<\/b><\/td>\n<\/tr>\n<tr>\n<th>Under Cover\/Cord Fabric<\/th>\n<td style=\"text-align: right;\">EN ISO 252 \u226510,00 N\/mm<\/td>\n<\/tr>\n<tr>\n<th>Temperature Range<\/th>\n<td style=\"text-align: right;\">-40 \/ +110<\/td>\n<\/tr>\n<tr>\n<th>Edge Coating<\/th>\n<td style=\"text-align: right;\">Open Edge &#8211; Closed Edge<\/td>\n<\/tr>\n<\/tbody>\n<\/table>\n<p>[\/vc_column_text][\/vc_column][\/vc_row][vc_row mobile_bg_img_hidden=&#8221;no&#8221; tablet_bg_img_hidden=&#8221;no&#8221; woodmart_parallax=&#8221;0&#8243; woodmart_gradient_switch=&#8221;no&#8221; row_reverse_mobile=&#8221;0&#8243; row_reverse_tablet=&#8221;0&#8243; woodmart_disable_overflow=&#8221;0&#8243;][vc_column][vc_separator style=&#8221;dotted&#8221; border_width=&#8221;2&#8243;]\t\t\t<div id=\"wd-65e64c32c51ae\" class=\"wd-text-block-wrapper wd-wpb wd-rs-65e64c32c51ae color-scheme-dark text-center \">\n\t\t\t\t<div class=\"woodmart-title-container woodmart-text-block reset-last-child font-primary wd-font-weight-600 wd-fontsize-xxl\">\n\t\t\t\t\t<\/p>\n<h2>Belt Types<\/h2>\n<p>\t\t\t\t<\/div>\n\n\t\t\t\t\t\t\t<\/div>\n\t\t[\/vc_column][\/vc_row][vc_row][vc_column][vc_column_text text_larger=&#8221;no&#8221; woodmart_inline=&#8221;no&#8221;]<\/p>\n<table>\n<tbody>\n<tr>\n<th>EP<\/th>\n<th>Strength<\/th>\n<th>Plies<\/th>\n<th>Coating<\/th>\n<td style=\"text-align: right;\">\n<p class=\"p1\"><strong>Thickness<\/strong><\/p>\n<\/td>\n<\/tr>\n<tr>\n<th>125<\/th>\n<th>630 kg\/cm\u00b2<\/th>\n<th>5<\/th>\n<th>1,5+1,5 mm<\/th>\n<td style=\"text-align: right;\">\n<p class=\"p1\"><strong>9 mm<\/strong><\/p>\n<\/td>\n<\/tr>\n<tr>\n<th>125<\/th>\n<th>750 kg\/cm\u00b2<\/th>\n<th>6<\/th>\n<th>1,5+1,5 mm<\/th>\n<td style=\"text-align: right;\">\n<p class=\"p1\"><strong>10 mm<\/strong><\/p>\n<\/td>\n<\/tr>\n<tr>\n<th>160<\/th>\n<th>800 kg\/cm\u00b2<\/th>\n<th>5<\/th>\n<th>1,5+1,5 mm<\/th>\n<td style=\"text-align: right;\">\n<p class=\"p1\"><strong>10 mm<\/strong><\/p>\n<\/td>\n<\/tr>\n<tr>\n<th>160<\/th>\n<th>960 kg\/cm\u00b2<\/th>\n<th>6<\/th>\n<th>1,5+1,5 mm<\/th>\n<td style=\"text-align: right;\">\n<p class=\"p1\"><strong>11 mm<\/strong><\/p>\n<\/td>\n<\/tr>\n<tr>\n<th>200<\/th>\n<th>1000 kg\/cm\u00b2<\/th>\n<th>5<\/th>\n<th>1,5+1,5 mm<\/th>\n<td style=\"text-align: right;\">\n<p class=\"p1\"><strong>11 mm<\/strong><\/p>\n<\/td>\n<\/tr>\n<tr>\n<th>200<\/th>\n<th>1200 kg\/cm\u00b2<\/th>\n<th>6<\/th>\n<th>1,5+1,5 mm<\/th>\n<td style=\"text-align: right;\">\n<p class=\"p1\"><strong>12 mm<\/strong><\/p>\n<\/td>\n<\/tr>\n<\/tbody>\n<\/table>\n<p>[\/vc_column_text][\/vc_column][\/vc_row]<\/p>\n","protected":false},"excerpt":{"rendered":"<p>[vc_row css=&#8221;.vc_custom_1708078742068{margin-bottom: 0px !important;border-bottom-width: 0px !important;padding-bottom: 0px !important;}&#8221; mobile_bg_img_hidden=&#8221;no&#8221; tablet_bg_img_hidden=&#8221;no&#8221; woodmart_parallax=&#8221;0&#8243; woodmart_gradient_switch=&#8221;no&#8221; row_reverse_mobile=&#8221;0&#8243; row_reverse_tablet=&#8221;0&#8243; woodmart_disable_overflow=&#8221;0&#8243;][vc_column width=&#8221;1\/2&#8243; offset=&#8221;vc_col-lg-6 vc_col-md-6 vc_col-xs-12&#8243; mobile_bg_img_hidden=&#8221;no&#8221;<\/p>\n","protected":false},"author":1,"featured_media":0,"parent":0,"menu_order":0,"comment_status":"closed","ping_status":"closed","template":"","meta":{"_joinchat":[],"footnotes":""},"yoast_head":"<!-- This site is optimized with the Yoast SEO plugin v24.5 - https:\/\/yoast.com\/wordpress\/plugins\/seo\/ -->\n<title>Elevator Belts - PlastAgri<\/title>\n<meta name=\"description\" content=\"Produced from high-quality materials, PlastAgri elevator belts are durable and long-lasting. Increase your business efficiency with PlastAgri\" \/>\n<meta name=\"robots\" content=\"index, follow, max-snippet:-1, max-image-preview:large, max-video-preview:-1\" \/>\n<link rel=\"canonical\" href=\"https:\/\/www.plastagri.com\/en\/elevator-belts\/\" \/>\n<meta property=\"og:locale\" content=\"en_US\" \/>\n<meta property=\"og:type\" content=\"article\" \/>\n<meta property=\"og:title\" content=\"Elevator Belts - PlastAgri\" \/>\n<meta property=\"og:description\" content=\"Produced from high-quality materials, PlastAgri elevator belts are durable and long-lasting. Increase your business efficiency with PlastAgri\" \/>\n<meta property=\"og:url\" content=\"https:\/\/www.plastagri.com\/en\/elevator-belts\/\" \/>\n<meta property=\"og:site_name\" content=\"PlastAgri\" \/>\n<meta property=\"article:publisher\" content=\"https:\/\/www.facebook.com\/plastagri\" \/>\n<meta property=\"article:modified_time\" content=\"2024-03-26T11:56:23+00:00\" \/>\n<meta name=\"twitter:card\" content=\"summary_large_image\" \/>\n<meta name=\"twitter:label1\" content=\"Est. reading time\" \/>\n\t<meta name=\"twitter:data1\" content=\"3 minutes\" \/>\n<script type=\"application\/ld+json\" class=\"yoast-schema-graph\">{\"@context\":\"https:\/\/schema.org\",\"@graph\":[{\"@type\":\"WebPage\",\"@id\":\"https:\/\/www.plastagri.com\/en\/elevator-belts\/\",\"url\":\"https:\/\/www.plastagri.com\/en\/elevator-belts\/\",\"name\":\"Elevator Belts - PlastAgri\",\"isPartOf\":{\"@id\":\"https:\/\/www.plastagri.com\/#website\"},\"datePublished\":\"2024-02-19T11:09:23+00:00\",\"dateModified\":\"2024-03-26T11:56:23+00:00\",\"description\":\"Produced from high-quality materials, PlastAgri elevator belts are durable and long-lasting. Increase your business efficiency with PlastAgri\",\"breadcrumb\":{\"@id\":\"https:\/\/www.plastagri.com\/en\/elevator-belts\/#breadcrumb\"},\"inLanguage\":\"en-US\",\"potentialAction\":[{\"@type\":\"ReadAction\",\"target\":[\"https:\/\/www.plastagri.com\/en\/elevator-belts\/\"]}]},{\"@type\":\"BreadcrumbList\",\"@id\":\"https:\/\/www.plastagri.com\/en\/elevator-belts\/#breadcrumb\",\"itemListElement\":[{\"@type\":\"ListItem\",\"position\":1,\"name\":\"Anasayfa\",\"item\":\"https:\/\/www.plastagri.com\/en\/\"},{\"@type\":\"ListItem\",\"position\":2,\"name\":\"Elevator Belts\"}]},{\"@type\":\"WebSite\",\"@id\":\"https:\/\/www.plastagri.com\/#website\",\"url\":\"https:\/\/www.plastagri.com\/\",\"name\":\"PlastAgri Elevat\u00f6r Kovalar\u0131\",\"description\":\"Elevat&ouml;r Kovalar\u0131 | Elevat&ouml;r Bantlar\u0131\",\"publisher\":{\"@id\":\"https:\/\/www.plastagri.com\/#organization\"},\"alternateName\":\"PlastAgri\",\"potentialAction\":[{\"@type\":\"SearchAction\",\"target\":{\"@type\":\"EntryPoint\",\"urlTemplate\":\"https:\/\/www.plastagri.com\/?s={search_term_string}\"},\"query-input\":{\"@type\":\"PropertyValueSpecification\",\"valueRequired\":true,\"valueName\":\"search_term_string\"}}],\"inLanguage\":\"en-US\"},{\"@type\":\"Organization\",\"@id\":\"https:\/\/www.plastagri.com\/#organization\",\"name\":\"PlastAgri\",\"url\":\"https:\/\/www.plastagri.com\/\",\"logo\":{\"@type\":\"ImageObject\",\"inLanguage\":\"en-US\",\"@id\":\"https:\/\/www.plastagri.com\/#\/schema\/logo\/image\/\",\"url\":\"https:\/\/www.plastagri.com\/wp-content\/uploads\/2024\/02\/cropped-plastagri-favicon.png\",\"contentUrl\":\"https:\/\/www.plastagri.com\/wp-content\/uploads\/2024\/02\/cropped-plastagri-favicon.png\",\"width\":512,\"height\":512,\"caption\":\"PlastAgri\"},\"image\":{\"@id\":\"https:\/\/www.plastagri.com\/#\/schema\/logo\/image\/\"},\"sameAs\":[\"https:\/\/www.facebook.com\/plastagri\",\"https:\/\/www.instagram.com\/plastagri_elevatorbuckets\/\",\"https:\/\/www.linkedin.com\/company\/plastagri-makina-san-tic-a-\/?viewAsMember=true\"]}]}<\/script>\n<!-- \/ Yoast SEO plugin. -->","yoast_head_json":{"title":"Elevator Belts - PlastAgri","description":"Produced from high-quality materials, PlastAgri elevator belts are durable and long-lasting. Increase your business efficiency with PlastAgri","robots":{"index":"index","follow":"follow","max-snippet":"max-snippet:-1","max-image-preview":"max-image-preview:large","max-video-preview":"max-video-preview:-1"},"canonical":"https:\/\/www.plastagri.com\/en\/elevator-belts\/","og_locale":"en_US","og_type":"article","og_title":"Elevator Belts - PlastAgri","og_description":"Produced from high-quality materials, PlastAgri elevator belts are durable and long-lasting. Increase your business efficiency with PlastAgri","og_url":"https:\/\/www.plastagri.com\/en\/elevator-belts\/","og_site_name":"PlastAgri","article_publisher":"https:\/\/www.facebook.com\/plastagri","article_modified_time":"2024-03-26T11:56:23+00:00","twitter_card":"summary_large_image","twitter_misc":{"Est. reading time":"3 minutes"},"schema":{"@context":"https:\/\/schema.org","@graph":[{"@type":"WebPage","@id":"https:\/\/www.plastagri.com\/en\/elevator-belts\/","url":"https:\/\/www.plastagri.com\/en\/elevator-belts\/","name":"Elevator Belts - PlastAgri","isPartOf":{"@id":"https:\/\/www.plastagri.com\/#website"},"datePublished":"2024-02-19T11:09:23+00:00","dateModified":"2024-03-26T11:56:23+00:00","description":"Produced from high-quality materials, PlastAgri elevator belts are durable and long-lasting. Increase your business efficiency with PlastAgri","breadcrumb":{"@id":"https:\/\/www.plastagri.com\/en\/elevator-belts\/#breadcrumb"},"inLanguage":"en-US","potentialAction":[{"@type":"ReadAction","target":["https:\/\/www.plastagri.com\/en\/elevator-belts\/"]}]},{"@type":"BreadcrumbList","@id":"https:\/\/www.plastagri.com\/en\/elevator-belts\/#breadcrumb","itemListElement":[{"@type":"ListItem","position":1,"name":"Anasayfa","item":"https:\/\/www.plastagri.com\/en\/"},{"@type":"ListItem","position":2,"name":"Elevator Belts"}]},{"@type":"WebSite","@id":"https:\/\/www.plastagri.com\/#website","url":"https:\/\/www.plastagri.com\/","name":"PlastAgri Elevat\u00f6r Kovalar\u0131","description":"Elevat&ouml;r Kovalar\u0131 | Elevat&ouml;r Bantlar\u0131","publisher":{"@id":"https:\/\/www.plastagri.com\/#organization"},"alternateName":"PlastAgri","potentialAction":[{"@type":"SearchAction","target":{"@type":"EntryPoint","urlTemplate":"https:\/\/www.plastagri.com\/?s={search_term_string}"},"query-input":{"@type":"PropertyValueSpecification","valueRequired":true,"valueName":"search_term_string"}}],"inLanguage":"en-US"},{"@type":"Organization","@id":"https:\/\/www.plastagri.com\/#organization","name":"PlastAgri","url":"https:\/\/www.plastagri.com\/","logo":{"@type":"ImageObject","inLanguage":"en-US","@id":"https:\/\/www.plastagri.com\/#\/schema\/logo\/image\/","url":"https:\/\/www.plastagri.com\/wp-content\/uploads\/2024\/02\/cropped-plastagri-favicon.png","contentUrl":"https:\/\/www.plastagri.com\/wp-content\/uploads\/2024\/02\/cropped-plastagri-favicon.png","width":512,"height":512,"caption":"PlastAgri"},"image":{"@id":"https:\/\/www.plastagri.com\/#\/schema\/logo\/image\/"},"sameAs":["https:\/\/www.facebook.com\/plastagri","https:\/\/www.instagram.com\/plastagri_elevatorbuckets\/","https:\/\/www.linkedin.com\/company\/plastagri-makina-san-tic-a-\/?viewAsMember=true"]}]}},"_links":{"self":[{"href":"https:\/\/www.plastagri.com\/en\/wp-json\/wp\/v2\/pages\/4577"}],"collection":[{"href":"https:\/\/www.plastagri.com\/en\/wp-json\/wp\/v2\/pages"}],"about":[{"href":"https:\/\/www.plastagri.com\/en\/wp-json\/wp\/v2\/types\/page"}],"author":[{"embeddable":true,"href":"https:\/\/www.plastagri.com\/en\/wp-json\/wp\/v2\/users\/1"}],"replies":[{"embeddable":true,"href":"https:\/\/www.plastagri.com\/en\/wp-json\/wp\/v2\/comments?post=4577"}],"version-history":[{"count":5,"href":"https:\/\/www.plastagri.com\/en\/wp-json\/wp\/v2\/pages\/4577\/revisions"}],"predecessor-version":[{"id":4582,"href":"https:\/\/www.plastagri.com\/en\/wp-json\/wp\/v2\/pages\/4577\/revisions\/4582"}],"wp:attachment":[{"href":"https:\/\/www.plastagri.com\/en\/wp-json\/wp\/v2\/media?parent=4577"}],"curies":[{"name":"wp","href":"https:\/\/api.w.org\/{rel}","templated":true}]}}