{"id":4589,"date":"2024-02-29T16:00:14","date_gmt":"2024-02-29T13:00:14","guid":{"rendered":"https:\/\/www.plastagri.com\/cam-mika-borular\/"},"modified":"2024-03-05T12:12:52","modified_gmt":"2024-03-05T09:12:52","slug":"glass-mica-pipes","status":"publish","type":"page","link":"https:\/\/www.plastagri.com\/en\/glass-mica-pipes\/","title":{"rendered":"Glass Mica Pipes"},"content":{"rendered":"<p>[vc_row css=&#8221;.vc_custom_1708078742068{margin-bottom: 0px !important;border-bottom-width: 0px !important;padding-bottom: 0px !important;}&#8221; mobile_bg_img_hidden=&#8221;no&#8221; tablet_bg_img_hidden=&#8221;no&#8221; woodmart_parallax=&#8221;0&#8243; woodmart_gradient_switch=&#8221;no&#8221; row_reverse_mobile=&#8221;0&#8243; row_reverse_tablet=&#8221;0&#8243; woodmart_disable_overflow=&#8221;0&#8243;][vc_column width=&#8221;1\/2&#8243; offset=&#8221;vc_col-lg-6 vc_col-md-6 vc_col-xs-12&#8243; mobile_bg_img_hidden=&#8221;no&#8221; tablet_bg_img_hidden=&#8221;no&#8221; woodmart_parallax=&#8221;0&#8243; woodmart_sticky_column=&#8221;false&#8221; parallax_scroll=&#8221;no&#8221; mobile_reset_margin=&#8221;no&#8221; tablet_reset_margin=&#8221;no&#8221;]\t\t\t<div id=\"wd-65e6e1dce40ee\" class=\"wd-text-block-wrapper wd-wpb wd-rs-65e6e1dce40ee color-scheme-dark text-left wd-off-anim wpb_animate_when_almost_visible wpb_wd-slide-from-left wd-slide-from-left wd-anim-name_wd-slide-from-left wd-width-enabled vc_custom_1709629927789\" style=\"--wd-max-width: 90%;\">\n\t\t\t\t<div class=\"woodmart-title-container woodmart-text-block reset-last-child font-primary wd-font-weight-600 wd-fontsize-xxxl\">\n\t\t\t\t\t<\/p>\n<h2><span class=\"color-primary\">Glass Mica<\/span><br \/>\nPipes<\/h2>\n<p>\t\t\t\t<\/div>\n\n\t\t\t\t\t\t\t<\/div>\n\t\t\t\t\t<div id=\"wd-65e6e1ec22b6a\" class=\"wd-text-block-wrapper wd-wpb wd-rs-65e6e1ec22b6a color-scheme- text-left wd-off-anim wpb_animate_when_almost_visible wpb_wd-slide-from-left wd-slide-from-left wd-anim-name_wd-slide-from-left wd-width-enabled vc_custom_1709629962758\" style=\"--wd-max-width: 90%;\">\n\t\t\t\t<div class=\"woodmart-title-container woodmart-text-block reset-last-child font-text wd-font-weight-400 \">\n\t\t\t\t\t<\/p>\n<div>\n<p class=\"p1\"><strong>PlastAgri<\/strong> has initiated the production of mica glass tubes, meeting the requirements of the milling industry. Glass mica tubes are manufactured in various sizes and diameters.<\/p>\n<\/div>\n<p>\t\t\t\t<\/div>\n\n\t\t\t\t\t\t\t<\/div>\n\t\t[\/vc_column][vc_column width=&#8221;1\/2&#8243; mobile_bg_img_hidden=&#8221;no&#8221; tablet_bg_img_hidden=&#8221;no&#8221; woodmart_parallax=&#8221;0&#8243; woodmart_sticky_column=&#8221;false&#8221; parallax_scroll=&#8221;no&#8221; mobile_reset_margin=&#8221;no&#8221; tablet_reset_margin=&#8221;no&#8221;][vc_single_image image=&#8221;4543&#8243; img_size=&#8221;large&#8221; parallax_scroll=&#8221;no&#8221;][\/vc_column][\/vc_row]<\/p>\n","protected":false},"excerpt":{"rendered":"<p>[vc_row css=&#8221;.vc_custom_1708078742068{margin-bottom: 0px !important;border-bottom-width: 0px !important;padding-bottom: 0px !important;}&#8221; mobile_bg_img_hidden=&#8221;no&#8221; tablet_bg_img_hidden=&#8221;no&#8221; woodmart_parallax=&#8221;0&#8243; woodmart_gradient_switch=&#8221;no&#8221; row_reverse_mobile=&#8221;0&#8243; row_reverse_tablet=&#8221;0&#8243; woodmart_disable_overflow=&#8221;0&#8243;][vc_column width=&#8221;1\/2&#8243; offset=&#8221;vc_col-lg-6 vc_col-md-6 vc_col-xs-12&#8243; mobile_bg_img_hidden=&#8221;no&#8221;<\/p>\n","protected":false},"author":1,"featured_media":0,"parent":0,"menu_order":0,"comment_status":"closed","ping_status":"closed","template":"","meta":{"_joinchat":[],"footnotes":""},"yoast_head":"<!-- This site is optimized with the Yoast SEO plugin v24.5 - https:\/\/yoast.com\/wordpress\/plugins\/seo\/ -->\n<title>Glass Mica Pipes - PlastAgri<\/title>\n<meta name=\"robots\" content=\"index, follow, max-snippet:-1, max-image-preview:large, max-video-preview:-1\" \/>\n<link rel=\"canonical\" href=\"https:\/\/www.plastagri.com\/en\/glass-mica-pipes\/\" \/>\n<meta property=\"og:locale\" content=\"en_US\" \/>\n<meta property=\"og:type\" content=\"article\" \/>\n<meta property=\"og:title\" content=\"Glass Mica Pipes - PlastAgri\" \/>\n<meta property=\"og:description\" content=\"[vc_row css=&#8221;.vc_custom_1708078742068{margin-bottom: 0px !important;border-bottom-width: 0px !important;padding-bottom: 0px !important;}&#8221; mobile_bg_img_hidden=&#8221;no&#8221; tablet_bg_img_hidden=&#8221;no&#8221; woodmart_parallax=&#8221;0&#8243; woodmart_gradient_switch=&#8221;no&#8221; row_reverse_mobile=&#8221;0&#8243; row_reverse_tablet=&#8221;0&#8243; woodmart_disable_overflow=&#8221;0&#8243;][vc_column width=&#8221;1\/2&#8243; offset=&#8221;vc_col-lg-6 vc_col-md-6 vc_col-xs-12&#8243; mobile_bg_img_hidden=&#8221;no&#8221;\" \/>\n<meta property=\"og:url\" content=\"https:\/\/www.plastagri.com\/en\/glass-mica-pipes\/\" \/>\n<meta property=\"og:site_name\" content=\"PlastAgri\" \/>\n<meta property=\"article:publisher\" content=\"https:\/\/www.facebook.com\/plastagri\" \/>\n<meta property=\"article:modified_time\" content=\"2024-03-05T09:12:52+00:00\" \/>\n<meta name=\"twitter:card\" content=\"summary_large_image\" \/>\n<meta name=\"twitter:label1\" content=\"Est. reading time\" \/>\n\t<meta name=\"twitter:data1\" content=\"1 minute\" \/>\n<script type=\"application\/ld+json\" class=\"yoast-schema-graph\">{\"@context\":\"https:\/\/schema.org\",\"@graph\":[{\"@type\":\"WebPage\",\"@id\":\"https:\/\/www.plastagri.com\/en\/glass-mica-pipes\/\",\"url\":\"https:\/\/www.plastagri.com\/en\/glass-mica-pipes\/\",\"name\":\"Glass Mica Pipes - PlastAgri\",\"isPartOf\":{\"@id\":\"https:\/\/www.plastagri.com\/#website\"},\"datePublished\":\"2024-02-29T13:00:14+00:00\",\"dateModified\":\"2024-03-05T09:12:52+00:00\",\"breadcrumb\":{\"@id\":\"https:\/\/www.plastagri.com\/en\/glass-mica-pipes\/#breadcrumb\"},\"inLanguage\":\"en-US\",\"potentialAction\":[{\"@type\":\"ReadAction\",\"target\":[\"https:\/\/www.plastagri.com\/en\/glass-mica-pipes\/\"]}]},{\"@type\":\"BreadcrumbList\",\"@id\":\"https:\/\/www.plastagri.com\/en\/glass-mica-pipes\/#breadcrumb\",\"itemListElement\":[{\"@type\":\"ListItem\",\"position\":1,\"name\":\"Anasayfa\",\"item\":\"https:\/\/www.plastagri.com\/en\/\"},{\"@type\":\"ListItem\",\"position\":2,\"name\":\"Glass Mica Pipes\"}]},{\"@type\":\"WebSite\",\"@id\":\"https:\/\/www.plastagri.com\/#website\",\"url\":\"https:\/\/www.plastagri.com\/\",\"name\":\"PlastAgri Elevat\u00f6r Kovalar\u0131\",\"description\":\"Elevat&ouml;r Kovalar\u0131 | Elevat&ouml;r Bantlar\u0131\",\"publisher\":{\"@id\":\"https:\/\/www.plastagri.com\/#organization\"},\"alternateName\":\"PlastAgri\",\"potentialAction\":[{\"@type\":\"SearchAction\",\"target\":{\"@type\":\"EntryPoint\",\"urlTemplate\":\"https:\/\/www.plastagri.com\/?s={search_term_string}\"},\"query-input\":{\"@type\":\"PropertyValueSpecification\",\"valueRequired\":true,\"valueName\":\"search_term_string\"}}],\"inLanguage\":\"en-US\"},{\"@type\":\"Organization\",\"@id\":\"https:\/\/www.plastagri.com\/#organization\",\"name\":\"PlastAgri\",\"url\":\"https:\/\/www.plastagri.com\/\",\"logo\":{\"@type\":\"ImageObject\",\"inLanguage\":\"en-US\",\"@id\":\"https:\/\/www.plastagri.com\/#\/schema\/logo\/image\/\",\"url\":\"https:\/\/www.plastagri.com\/wp-content\/uploads\/2024\/02\/cropped-plastagri-favicon.png\",\"contentUrl\":\"https:\/\/www.plastagri.com\/wp-content\/uploads\/2024\/02\/cropped-plastagri-favicon.png\",\"width\":512,\"height\":512,\"caption\":\"PlastAgri\"},\"image\":{\"@id\":\"https:\/\/www.plastagri.com\/#\/schema\/logo\/image\/\"},\"sameAs\":[\"https:\/\/www.facebook.com\/plastagri\",\"https:\/\/www.instagram.com\/plastagri_elevatorbuckets\/\",\"https:\/\/www.linkedin.com\/company\/plastagri-makina-san-tic-a-\/?viewAsMember=true\"]}]}<\/script>\n<!-- \/ Yoast SEO plugin. -->","yoast_head_json":{"title":"Glass Mica Pipes - PlastAgri","robots":{"index":"index","follow":"follow","max-snippet":"max-snippet:-1","max-image-preview":"max-image-preview:large","max-video-preview":"max-video-preview:-1"},"canonical":"https:\/\/www.plastagri.com\/en\/glass-mica-pipes\/","og_locale":"en_US","og_type":"article","og_title":"Glass Mica Pipes - PlastAgri","og_description":"[vc_row css=&#8221;.vc_custom_1708078742068{margin-bottom: 0px !important;border-bottom-width: 0px !important;padding-bottom: 0px !important;}&#8221; mobile_bg_img_hidden=&#8221;no&#8221; tablet_bg_img_hidden=&#8221;no&#8221; woodmart_parallax=&#8221;0&#8243; woodmart_gradient_switch=&#8221;no&#8221; row_reverse_mobile=&#8221;0&#8243; row_reverse_tablet=&#8221;0&#8243; woodmart_disable_overflow=&#8221;0&#8243;][vc_column width=&#8221;1\/2&#8243; offset=&#8221;vc_col-lg-6 vc_col-md-6 vc_col-xs-12&#8243; mobile_bg_img_hidden=&#8221;no&#8221;","og_url":"https:\/\/www.plastagri.com\/en\/glass-mica-pipes\/","og_site_name":"PlastAgri","article_publisher":"https:\/\/www.facebook.com\/plastagri","article_modified_time":"2024-03-05T09:12:52+00:00","twitter_card":"summary_large_image","twitter_misc":{"Est. reading time":"1 minute"},"schema":{"@context":"https:\/\/schema.org","@graph":[{"@type":"WebPage","@id":"https:\/\/www.plastagri.com\/en\/glass-mica-pipes\/","url":"https:\/\/www.plastagri.com\/en\/glass-mica-pipes\/","name":"Glass Mica Pipes - PlastAgri","isPartOf":{"@id":"https:\/\/www.plastagri.com\/#website"},"datePublished":"2024-02-29T13:00:14+00:00","dateModified":"2024-03-05T09:12:52+00:00","breadcrumb":{"@id":"https:\/\/www.plastagri.com\/en\/glass-mica-pipes\/#breadcrumb"},"inLanguage":"en-US","potentialAction":[{"@type":"ReadAction","target":["https:\/\/www.plastagri.com\/en\/glass-mica-pipes\/"]}]},{"@type":"BreadcrumbList","@id":"https:\/\/www.plastagri.com\/en\/glass-mica-pipes\/#breadcrumb","itemListElement":[{"@type":"ListItem","position":1,"name":"Anasayfa","item":"https:\/\/www.plastagri.com\/en\/"},{"@type":"ListItem","position":2,"name":"Glass Mica Pipes"}]},{"@type":"WebSite","@id":"https:\/\/www.plastagri.com\/#website","url":"https:\/\/www.plastagri.com\/","name":"PlastAgri Elevat\u00f6r Kovalar\u0131","description":"Elevat&ouml;r Kovalar\u0131 | Elevat&ouml;r Bantlar\u0131","publisher":{"@id":"https:\/\/www.plastagri.com\/#organization"},"alternateName":"PlastAgri","potentialAction":[{"@type":"SearchAction","target":{"@type":"EntryPoint","urlTemplate":"https:\/\/www.plastagri.com\/?s={search_term_string}"},"query-input":{"@type":"PropertyValueSpecification","valueRequired":true,"valueName":"search_term_string"}}],"inLanguage":"en-US"},{"@type":"Organization","@id":"https:\/\/www.plastagri.com\/#organization","name":"PlastAgri","url":"https:\/\/www.plastagri.com\/","logo":{"@type":"ImageObject","inLanguage":"en-US","@id":"https:\/\/www.plastagri.com\/#\/schema\/logo\/image\/","url":"https:\/\/www.plastagri.com\/wp-content\/uploads\/2024\/02\/cropped-plastagri-favicon.png","contentUrl":"https:\/\/www.plastagri.com\/wp-content\/uploads\/2024\/02\/cropped-plastagri-favicon.png","width":512,"height":512,"caption":"PlastAgri"},"image":{"@id":"https:\/\/www.plastagri.com\/#\/schema\/logo\/image\/"},"sameAs":["https:\/\/www.facebook.com\/plastagri","https:\/\/www.instagram.com\/plastagri_elevatorbuckets\/","https:\/\/www.linkedin.com\/company\/plastagri-makina-san-tic-a-\/?viewAsMember=true"]}]}},"_links":{"self":[{"href":"https:\/\/www.plastagri.com\/en\/wp-json\/wp\/v2\/pages\/4589"}],"collection":[{"href":"https:\/\/www.plastagri.com\/en\/wp-json\/wp\/v2\/pages"}],"about":[{"href":"https:\/\/www.plastagri.com\/en\/wp-json\/wp\/v2\/types\/page"}],"author":[{"embeddable":true,"href":"https:\/\/www.plastagri.com\/en\/wp-json\/wp\/v2\/users\/1"}],"replies":[{"embeddable":true,"href":"https:\/\/www.plastagri.com\/en\/wp-json\/wp\/v2\/comments?post=4589"}],"version-history":[{"count":5,"href":"https:\/\/www.plastagri.com\/en\/wp-json\/wp\/v2\/pages\/4589\/revisions"}],"predecessor-version":[{"id":4662,"href":"https:\/\/www.plastagri.com\/en\/wp-json\/wp\/v2\/pages\/4589\/revisions\/4662"}],"wp:attachment":[{"href":"https:\/\/www.plastagri.com\/en\/wp-json\/wp\/v2\/media?parent=4589"}],"curies":[{"name":"wp","href":"https:\/\/api.w.org\/{rel}","templated":true}]}}