{"id":4601,"date":"2017-06-26T14:50:33","date_gmt":"2017-06-26T11:50:33","guid":{"rendered":"https:\/\/www.plastagri.com\/iletisim\/"},"modified":"2024-03-08T11:54:21","modified_gmt":"2024-03-08T08:54:21","slug":"contact","status":"publish","type":"page","link":"https:\/\/www.plastagri.com\/en\/contact\/","title":{"rendered":"Contact"},"content":{"rendered":"<p>[vc_row][vc_column width=&#8221;1\/2&#8243;][vc_custom_heading text=&#8221;ADDRESS&#8221; font_container=&#8221;tag:h5|text_align:left&#8221; use_theme_fonts=&#8221;yes&#8221; css=&#8221;.vc_custom_1709887596034{margin-bottom: 10px !important;}&#8221;][vc_custom_heading text=&#8221;600 Evler Mah. 1369 Sok. No:7 Band\u0131rma \/ Bal\u0131kesir&#8221; font_container=&#8221;tag:p|text_align:left&#8221; use_theme_fonts=&#8221;yes&#8221; css=&#8221;.vc_custom_1708008540215{margin-bottom: 0px !important;}&#8221;][vc_separator color=&#8221;custom&#8221; accent_color=&#8221;#eaeaea&#8221; css=&#8221;.vc_custom_1481478904779{margin-bottom: 10px !important;}&#8221;][vc_custom_heading text=&#8221;TELEPHONE&#8221; font_container=&#8221;tag:h5|text_align:left&#8221; use_theme_fonts=&#8221;yes&#8221; css=&#8221;.vc_custom_1709887604568{margin-bottom: 10px !important;}&#8221;][vc_custom_heading text=&#8221;+90 266 721 03 81&#8243; font_container=&#8221;tag:p|text_align:left&#8221; use_theme_fonts=&#8221;yes&#8221; css=&#8221;.vc_custom_1708008361114{margin-bottom: 0px !important;}&#8221; link=&#8221;|||&#8221;][vc_separator color=&#8221;custom&#8221; accent_color=&#8221;#eaeaea&#8221; css=&#8221;.vc_custom_1481478904779{margin-bottom: 10px !important;}&#8221;][vc_custom_heading text=&#8221;EMAIL&#8221; font_container=&#8221;tag:h5|text_align:left&#8221; use_theme_fonts=&#8221;yes&#8221; css=&#8221;.vc_custom_1709887612939{margin-bottom: 10px !important;}&#8221;][vc_custom_heading text=&#8221;info@plastagri.com&#8221; font_container=&#8221;tag:p|text_align:left&#8221; use_theme_fonts=&#8221;yes&#8221; css=&#8221;.vc_custom_1708008413765{margin-bottom: 0px !important;}&#8221; link=&#8221;url:mailto%3Ainfo%40plastagri.com|||&#8221;][vc_custom_heading text=&#8221;marketing@plastagri.com&#8221; font_container=&#8221;tag:p|text_align:left&#8221; use_theme_fonts=&#8221;yes&#8221; css=&#8221;.vc_custom_1709887530936{margin-bottom: 0px !important;}&#8221; link=&#8221;url:mailto%3Amarketing%40plastagri.com|||&#8221;][vc_separator color=&#8221;custom&#8221; accent_color=&#8221;#eaeaea&#8221; css=&#8221;.vc_custom_1481478904779{margin-bottom: 10px !important;}&#8221;]\t\t\t<div\n\t\t\t\t\t\tclass=\" wd-rs-65ead08109ea5 wd-social-icons  wd-style-bordered wd-size-small social-share wd-shape-circle text-left\">\n\t\t\t\t\n\t\t\t\t\n\t\t\t\t\t\t\t\t\t<a rel=\"noopener noreferrer nofollow\" href=\"https:\/\/www.facebook.com\/sharer\/sharer.php?u=https:\/\/www.plastagri.com\/en\/contact\/\" target=\"_blank\" class=\" wd-social-icon social-facebook\" aria-label=\"Facebook social link\">\n\t\t\t\t\t\t<span class=\"wd-icon\"><\/span>\n\t\t\t\t\t\t\t\t\t\t\t<\/a>\n\t\t\t\t\n\t\t\t\t\n\t\t\t\t\n\t\t\t\t\t\t\t\t\t<a rel=\"noopener noreferrer nofollow\" href=\"mailto:?subject=Check%20this%20https:\/\/www.plastagri.com\/en\/contact\/\" target=\"_blank\" class=\" wd-social-icon social-email\" aria-label=\"Email social link\">\n\t\t\t\t\t\t<span class=\"wd-icon\"><\/span>\n\t\t\t\t\t\t\t\t\t\t\t<\/a>\n\t\t\t\t\n\t\t\t\t\n\t\t\t\t\n\t\t\t\t\n\t\t\t\t\n\t\t\t\t\n\t\t\t\t\t\t\t\t\t<a rel=\"noopener noreferrer nofollow\" href=\"https:\/\/www.linkedin.com\/shareArticle?mini=true&#038;url=https:\/\/www.plastagri.com\/en\/contact\/\" target=\"_blank\" class=\" wd-social-icon social-linkedin\" aria-label=\"Linkedin social link\">\n\t\t\t\t\t\t<span class=\"wd-icon\"><\/span>\n\t\t\t\t\t\t\t\t\t\t\t<\/a>\n\t\t\t\t\n\t\t\t\t\n\t\t\t\t\n\t\t\t\t\n\t\t\t\t\n\t\t\t\t\n\t\t\t\t\n\t\t\t\t\n\t\t\t\t\n\t\t\t\t\n\t\t\t\t\n\t\t\t\t\n\t\t\t\t\n\t\t\t\t\n\t\t\t\t\n\t\t\t\t\n\t\t\t\t\n\t\t\t<\/div>\n\n\t\t[\/vc_column][vc_column width=&#8221;1\/2&#8243;]\n\t\t<div id=\"wd-65ead0609698e\" class=\"title-wrapper wd-wpb wd-set-mb reset-last-child  wd-rs-65ead0609698e wd-title-color-default wd-title-style-default text-center  wd-underline-colored\">\n\t\t\t\n\t\t\t<div class=\"liner-continer\">\n\t\t\t\t<h4 class=\"woodmart-title-container title  wd-font-weight- wd-fontsize-m\" >CONTACT FORM<\/h4>\n\t\t\t\t\t\t\t<\/div>\n\t\t\t\n\t\t\t\n\t\t\t\n\t\t<\/div>\n\t\t\n\t\t\n<div class=\"wpcf7 no-js\" id=\"wpcf7-f4725-o1\" lang=\"en-US\" dir=\"ltr\">\n<div class=\"screen-reader-response\"><p role=\"status\" aria-live=\"polite\" aria-atomic=\"true\"><\/p> <ul><\/ul><\/div>\n<form action=\"\/en\/wp-json\/wp\/v2\/pages\/4601#wpcf7-f4725-o1\" method=\"post\" class=\"wpcf7-form init\" aria-label=\"Contact form\" novalidate=\"novalidate\" data-status=\"init\">\n<div style=\"display: none;\">\n<input type=\"hidden\" name=\"_wpcf7\" value=\"4725\" \/>\n<input type=\"hidden\" name=\"_wpcf7_version\" value=\"5.9.8\" \/>\n<input type=\"hidden\" name=\"_wpcf7_locale\" value=\"en_US\" \/>\n<input type=\"hidden\" name=\"_wpcf7_unit_tag\" value=\"wpcf7-f4725-o1\" \/>\n<input type=\"hidden\" name=\"_wpcf7_container_post\" value=\"0\" \/>\n<input type=\"hidden\" name=\"_wpcf7_posted_data_hash\" value=\"\" \/>\n<\/div>\n<p><label> Name \/ Surname<br \/>\n<span class=\"wpcf7-form-control-wrap\" data-name=\"your-name\"><input size=\"40\" maxlength=\"400\" class=\"wpcf7-form-control wpcf7-text wpcf7-validates-as-required\" autocomplete=\"name\" aria-required=\"true\" aria-invalid=\"false\" value=\"\" type=\"text\" name=\"your-name\" \/><\/span> <\/label>\n<\/p>\n<p><label> Mail<br \/>\n<span class=\"wpcf7-form-control-wrap\" data-name=\"your-email\"><input size=\"40\" maxlength=\"400\" class=\"wpcf7-form-control wpcf7-email wpcf7-validates-as-required wpcf7-text wpcf7-validates-as-email\" autocomplete=\"email\" aria-required=\"true\" aria-invalid=\"false\" value=\"\" type=\"email\" name=\"your-email\" \/><\/span> <\/label>\n<\/p>\n<p><label> Subject<br \/>\n<span class=\"wpcf7-form-control-wrap\" data-name=\"your-subject\"><input size=\"40\" maxlength=\"400\" class=\"wpcf7-form-control wpcf7-text wpcf7-validates-as-required\" aria-required=\"true\" aria-invalid=\"false\" value=\"\" type=\"text\" name=\"your-subject\" \/><\/span> <\/label>\n<\/p>\n<p><label> Message (tercihe ba\u011fl\u0131)<br \/>\n<span class=\"wpcf7-form-control-wrap\" data-name=\"your-message\"><textarea cols=\"40\" rows=\"10\" maxlength=\"2000\" class=\"wpcf7-form-control wpcf7-textarea\" aria-invalid=\"false\" name=\"your-message\"><\/textarea><\/span> <\/label>\n<\/p>\n<p><input class=\"wpcf7-form-control wpcf7-submit has-spinner\" type=\"submit\" value=\"Send\" \/>\n<\/p><p style=\"display: none !important;\" class=\"akismet-fields-container\" data-prefix=\"_wpcf7_ak_\"><label>&#916;<textarea name=\"_wpcf7_ak_hp_textarea\" cols=\"45\" rows=\"8\" maxlength=\"100\"><\/textarea><\/label><input type=\"hidden\" id=\"ak_js_1\" name=\"_wpcf7_ak_js\" value=\"37\"\/><script type=\"text\/javascript\">\n\/* <![CDATA[ *\/\ndocument.getElementById( \"ak_js_1\" ).setAttribute( \"value\", ( new Date() ).getTime() );\n\/* ]]> *\/\n<\/script>\n<\/p><div class=\"wpcf7-response-output\" aria-hidden=\"true\"><\/div>\n<\/form>\n<\/div>\n[\/vc_column][\/vc_row]<\/p>\n","protected":false},"excerpt":{"rendered":"<p>[vc_row][vc_column width=&#8221;1\/2&#8243;][vc_custom_heading text=&#8221;ADDRESS&#8221; font_container=&#8221;tag:h5|text_align:left&#8221; use_theme_fonts=&#8221;yes&#8221; css=&#8221;.vc_custom_1709887596034{margin-bottom: 10px !important;}&#8221;][vc_custom_heading text=&#8221;600 Evler Mah. 1369 Sok. No:7 Band\u0131rma \/ Bal\u0131kesir&#8221; font_container=&#8221;tag:p|text_align:left&#8221; use_theme_fonts=&#8221;yes&#8221; css=&#8221;.vc_custom_1708008540215{margin-bottom:<\/p>\n","protected":false},"author":1,"featured_media":0,"parent":0,"menu_order":0,"comment_status":"closed","ping_status":"closed","template":"","meta":{"_joinchat":[],"footnotes":""},"yoast_head":"<!-- This site is optimized with the Yoast SEO plugin v24.5 - https:\/\/yoast.com\/wordpress\/plugins\/seo\/ -->\n<title>Contact - PlastAgri<\/title>\n<meta name=\"robots\" content=\"index, follow, max-snippet:-1, max-image-preview:large, max-video-preview:-1\" \/>\n<link rel=\"canonical\" href=\"https:\/\/www.plastagri.com\/en\/contact\/\" \/>\n<meta property=\"og:locale\" content=\"en_US\" \/>\n<meta property=\"og:type\" content=\"article\" \/>\n<meta property=\"og:title\" content=\"Contact - PlastAgri\" \/>\n<meta property=\"og:description\" content=\"[vc_row][vc_column width=&#8221;1\/2&#8243;][vc_custom_heading text=&#8221;ADDRESS&#8221; font_container=&#8221;tag:h5|text_align:left&#8221; use_theme_fonts=&#8221;yes&#8221; css=&#8221;.vc_custom_1709887596034{margin-bottom: 10px !important;}&#8221;][vc_custom_heading text=&#8221;600 Evler Mah. 1369 Sok. No:7 Band\u0131rma \/ Bal\u0131kesir&#8221; font_container=&#8221;tag:p|text_align:left&#8221; use_theme_fonts=&#8221;yes&#8221; css=&#8221;.vc_custom_1708008540215{margin-bottom:\" \/>\n<meta property=\"og:url\" content=\"https:\/\/www.plastagri.com\/en\/contact\/\" \/>\n<meta property=\"og:site_name\" content=\"PlastAgri\" \/>\n<meta property=\"article:publisher\" content=\"https:\/\/www.facebook.com\/plastagri\" \/>\n<meta property=\"article:modified_time\" content=\"2024-03-08T08:54:21+00:00\" \/>\n<meta name=\"twitter:card\" content=\"summary_large_image\" \/>\n<meta name=\"twitter:label1\" content=\"Est. reading time\" \/>\n\t<meta name=\"twitter:data1\" content=\"1 minute\" \/>\n<script type=\"application\/ld+json\" class=\"yoast-schema-graph\">{\"@context\":\"https:\/\/schema.org\",\"@graph\":[{\"@type\":\"WebPage\",\"@id\":\"https:\/\/www.plastagri.com\/en\/contact\/\",\"url\":\"https:\/\/www.plastagri.com\/en\/contact\/\",\"name\":\"Contact - PlastAgri\",\"isPartOf\":{\"@id\":\"https:\/\/www.plastagri.com\/#website\"},\"datePublished\":\"2017-06-26T11:50:33+00:00\",\"dateModified\":\"2024-03-08T08:54:21+00:00\",\"breadcrumb\":{\"@id\":\"https:\/\/www.plastagri.com\/en\/contact\/#breadcrumb\"},\"inLanguage\":\"en-US\",\"potentialAction\":[{\"@type\":\"ReadAction\",\"target\":[\"https:\/\/www.plastagri.com\/en\/contact\/\"]}]},{\"@type\":\"BreadcrumbList\",\"@id\":\"https:\/\/www.plastagri.com\/en\/contact\/#breadcrumb\",\"itemListElement\":[{\"@type\":\"ListItem\",\"position\":1,\"name\":\"Anasayfa\",\"item\":\"https:\/\/www.plastagri.com\/en\/\"},{\"@type\":\"ListItem\",\"position\":2,\"name\":\"Contact\"}]},{\"@type\":\"WebSite\",\"@id\":\"https:\/\/www.plastagri.com\/#website\",\"url\":\"https:\/\/www.plastagri.com\/\",\"name\":\"PlastAgri Elevat\u00f6r Kovalar\u0131\",\"description\":\"Elevat&ouml;r Kovalar\u0131 | Elevat&ouml;r Bantlar\u0131\",\"publisher\":{\"@id\":\"https:\/\/www.plastagri.com\/#organization\"},\"alternateName\":\"PlastAgri\",\"potentialAction\":[{\"@type\":\"SearchAction\",\"target\":{\"@type\":\"EntryPoint\",\"urlTemplate\":\"https:\/\/www.plastagri.com\/?s={search_term_string}\"},\"query-input\":{\"@type\":\"PropertyValueSpecification\",\"valueRequired\":true,\"valueName\":\"search_term_string\"}}],\"inLanguage\":\"en-US\"},{\"@type\":\"Organization\",\"@id\":\"https:\/\/www.plastagri.com\/#organization\",\"name\":\"PlastAgri\",\"url\":\"https:\/\/www.plastagri.com\/\",\"logo\":{\"@type\":\"ImageObject\",\"inLanguage\":\"en-US\",\"@id\":\"https:\/\/www.plastagri.com\/#\/schema\/logo\/image\/\",\"url\":\"https:\/\/www.plastagri.com\/wp-content\/uploads\/2024\/02\/cropped-plastagri-favicon.png\",\"contentUrl\":\"https:\/\/www.plastagri.com\/wp-content\/uploads\/2024\/02\/cropped-plastagri-favicon.png\",\"width\":512,\"height\":512,\"caption\":\"PlastAgri\"},\"image\":{\"@id\":\"https:\/\/www.plastagri.com\/#\/schema\/logo\/image\/\"},\"sameAs\":[\"https:\/\/www.facebook.com\/plastagri\",\"https:\/\/www.instagram.com\/plastagri_elevatorbuckets\/\",\"https:\/\/www.linkedin.com\/company\/plastagri-makina-san-tic-a-\/?viewAsMember=true\"]}]}<\/script>\n<!-- \/ Yoast SEO plugin. -->","yoast_head_json":{"title":"Contact - PlastAgri","robots":{"index":"index","follow":"follow","max-snippet":"max-snippet:-1","max-image-preview":"max-image-preview:large","max-video-preview":"max-video-preview:-1"},"canonical":"https:\/\/www.plastagri.com\/en\/contact\/","og_locale":"en_US","og_type":"article","og_title":"Contact - PlastAgri","og_description":"[vc_row][vc_column width=&#8221;1\/2&#8243;][vc_custom_heading text=&#8221;ADDRESS&#8221; font_container=&#8221;tag:h5|text_align:left&#8221; use_theme_fonts=&#8221;yes&#8221; css=&#8221;.vc_custom_1709887596034{margin-bottom: 10px !important;}&#8221;][vc_custom_heading text=&#8221;600 Evler Mah. 1369 Sok. No:7 Band\u0131rma \/ Bal\u0131kesir&#8221; font_container=&#8221;tag:p|text_align:left&#8221; use_theme_fonts=&#8221;yes&#8221; css=&#8221;.vc_custom_1708008540215{margin-bottom:","og_url":"https:\/\/www.plastagri.com\/en\/contact\/","og_site_name":"PlastAgri","article_publisher":"https:\/\/www.facebook.com\/plastagri","article_modified_time":"2024-03-08T08:54:21+00:00","twitter_card":"summary_large_image","twitter_misc":{"Est. reading time":"1 minute"},"schema":{"@context":"https:\/\/schema.org","@graph":[{"@type":"WebPage","@id":"https:\/\/www.plastagri.com\/en\/contact\/","url":"https:\/\/www.plastagri.com\/en\/contact\/","name":"Contact - PlastAgri","isPartOf":{"@id":"https:\/\/www.plastagri.com\/#website"},"datePublished":"2017-06-26T11:50:33+00:00","dateModified":"2024-03-08T08:54:21+00:00","breadcrumb":{"@id":"https:\/\/www.plastagri.com\/en\/contact\/#breadcrumb"},"inLanguage":"en-US","potentialAction":[{"@type":"ReadAction","target":["https:\/\/www.plastagri.com\/en\/contact\/"]}]},{"@type":"BreadcrumbList","@id":"https:\/\/www.plastagri.com\/en\/contact\/#breadcrumb","itemListElement":[{"@type":"ListItem","position":1,"name":"Anasayfa","item":"https:\/\/www.plastagri.com\/en\/"},{"@type":"ListItem","position":2,"name":"Contact"}]},{"@type":"WebSite","@id":"https:\/\/www.plastagri.com\/#website","url":"https:\/\/www.plastagri.com\/","name":"PlastAgri Elevat\u00f6r Kovalar\u0131","description":"Elevat&ouml;r Kovalar\u0131 | Elevat&ouml;r Bantlar\u0131","publisher":{"@id":"https:\/\/www.plastagri.com\/#organization"},"alternateName":"PlastAgri","potentialAction":[{"@type":"SearchAction","target":{"@type":"EntryPoint","urlTemplate":"https:\/\/www.plastagri.com\/?s={search_term_string}"},"query-input":{"@type":"PropertyValueSpecification","valueRequired":true,"valueName":"search_term_string"}}],"inLanguage":"en-US"},{"@type":"Organization","@id":"https:\/\/www.plastagri.com\/#organization","name":"PlastAgri","url":"https:\/\/www.plastagri.com\/","logo":{"@type":"ImageObject","inLanguage":"en-US","@id":"https:\/\/www.plastagri.com\/#\/schema\/logo\/image\/","url":"https:\/\/www.plastagri.com\/wp-content\/uploads\/2024\/02\/cropped-plastagri-favicon.png","contentUrl":"https:\/\/www.plastagri.com\/wp-content\/uploads\/2024\/02\/cropped-plastagri-favicon.png","width":512,"height":512,"caption":"PlastAgri"},"image":{"@id":"https:\/\/www.plastagri.com\/#\/schema\/logo\/image\/"},"sameAs":["https:\/\/www.facebook.com\/plastagri","https:\/\/www.instagram.com\/plastagri_elevatorbuckets\/","https:\/\/www.linkedin.com\/company\/plastagri-makina-san-tic-a-\/?viewAsMember=true"]}]}},"_links":{"self":[{"href":"https:\/\/www.plastagri.com\/en\/wp-json\/wp\/v2\/pages\/4601"}],"collection":[{"href":"https:\/\/www.plastagri.com\/en\/wp-json\/wp\/v2\/pages"}],"about":[{"href":"https:\/\/www.plastagri.com\/en\/wp-json\/wp\/v2\/types\/page"}],"author":[{"embeddable":true,"href":"https:\/\/www.plastagri.com\/en\/wp-json\/wp\/v2\/users\/1"}],"replies":[{"embeddable":true,"href":"https:\/\/www.plastagri.com\/en\/wp-json\/wp\/v2\/comments?post=4601"}],"version-history":[{"count":5,"href":"https:\/\/www.plastagri.com\/en\/wp-json\/wp\/v2\/pages\/4601\/revisions"}],"predecessor-version":[{"id":4726,"href":"https:\/\/www.plastagri.com\/en\/wp-json\/wp\/v2\/pages\/4601\/revisions\/4726"}],"wp:attachment":[{"href":"https:\/\/www.plastagri.com\/en\/wp-json\/wp\/v2\/media?parent=4601"}],"curies":[{"name":"wp","href":"https:\/\/api.w.org\/{rel}","templated":true}]}}