{"id":4615,"date":"2017-07-13T06:58:00","date_gmt":"2017-07-13T03:58:00","guid":{"rendered":"https:\/\/www.plastagri.com\/kurumsal\/"},"modified":"2024-05-18T13:05:55","modified_gmt":"2024-05-18T10:05:55","slug":"about-us","status":"publish","type":"page","link":"https:\/\/www.plastagri.com\/en\/about-us\/","title":{"rendered":"About us"},"content":{"rendered":"<p>[vc_row full_width=&#8221;stretch_row&#8221; el_class=&#8221;opacity-video-bg&#8221; css=&#8221;.vc_custom_1708069461472{margin-bottom: 8vh !important;padding-top: 32vh !important;padding-bottom: 25vh !important;background-image: url(http:\/\/www.plastagri.com\/wp-content\/uploads\/2024\/02\/hakkimizda-bg.jpg?id=4150) !important;background-position: center !important;background-repeat: no-repeat !important;background-size: cover !important;}&#8221; mobile_bg_img_hidden=&#8221;no&#8221; tablet_bg_img_hidden=&#8221;no&#8221; woodmart_parallax=&#8221;0&#8243; woodmart_gradient_switch=&#8221;no&#8221; row_reverse_mobile=&#8221;0&#8243; row_reverse_tablet=&#8221;0&#8243; woodmart_disable_overflow=&#8221;0&#8243;][vc_column css=&#8221;.vc_custom_1499517305703{padding-top: 0px !important;}&#8221; el_class=&#8221;text-center&#8221;][vc_custom_heading text=&#8221;Force is Always With You&#8221; font_container=&#8221;tag:h5|font_size:16|text_align:left|color:rgba(255%2C255%2C255%2C0.8)&#8221; use_theme_fonts=&#8221;yes&#8221; css=&#8221;.vc_custom_1709594420155{margin-bottom: 10px !important;}&#8221; el_class=&#8221;visible-lg&#8221;]\n\t\t<div id=\"wd-65e658f3b9df2\" class=\"title-wrapper wd-wpb wd-set-mb reset-last-child  wd-rs-65e658f3b9df2 wd-title-color-white wd-title-style-default text-left  wd-width-enabled wd-underline-colored\" style=\"--wd-max-width: 40%;\">\n\t\t\t\n\t\t\t<div class=\"liner-continer\">\n\t\t\t\t<h4 class=\"woodmart-title-container title  wd-font-weight- wd-fontsize-xxxl\" >PLASTAGRI<\/h4>\n\t\t\t\t\t\t\t<\/div>\n\t\t\t\n\t\t\t\t\t\t\t<div class=\"title-after_title reset-last-child  wd-fontsize-s\">PlastAgri carries you and your products into the future by anticipating sustainable technology, embracing innovation, and meeting evolving needs in the agricultural and production sectors! PlastAgri elevator buckets not only provide long-lasting durability with their solid structure but also increase efficiency with their design eliminating many user problems.<\/div>\n\t\t\t\n\t\t\t\n\t\t<\/div>\n\t\t\n\t\t[\/vc_column][\/vc_row][vc_section full_width=&#8221;stretch_row&#8221; css=&#8221;.vc_custom_1597832531922{margin-bottom: 10vh !important;padding-top: 8vh !important;padding-bottom: 8vh !important;background-position: center !important;background-repeat: no-repeat !important;background-size: cover !important;}&#8221; mobile_bg_img_hidden=&#8221;no&#8221; tablet_bg_img_hidden=&#8221;no&#8221; woodmart_parallax=&#8221;0&#8243; woodmart_gradient_switch=&#8221;no&#8221; woodmart_disable_overflow=&#8221;0&#8243;][vc_row equal_height=&#8221;yes&#8221; content_placement=&#8221;middle&#8221; css=&#8221;.vc_custom_1499604445501{margin-right: -25px !important;margin-left: -25px !important;}&#8221;][vc_column width=&#8221;1\/2&#8243; woodmart_color_scheme=&#8221;light&#8221; css=&#8221;.vc_custom_1499604612121{padding-top: 10px !important;padding-right: 25px !important;padding-bottom: 10px !important;padding-left: 25px !important;}&#8221;][vc_single_image image=&#8221;4488&#8243; img_size=&#8221;630&#215;580&#8243; parallax_scroll=&#8221;no&#8221;][\/vc_column][vc_column width=&#8221;1\/2&#8243; css=&#8221;.vc_custom_1499604620360{padding-top: 10px !important;padding-right: 35px !important;padding-bottom: 10px !important;padding-left: 35px !important;}&#8221;]\n\t\t<div id=\"wd-65e65743c3313\" class=\"title-wrapper wd-wpb wd-set-mb reset-last-child  wd-rs-65e65743c3313 wd-title-color-default wd-title-style-default text-left vc_custom_1709594447100 wd-underline-colored\">\n\t\t\t\n\t\t\t<div class=\"liner-continer\">\n\t\t\t\t<h4 class=\"woodmart-title-container title  wd-font-weight- wd-fontsize-xxxl\" >About PlastAgri<\/h4>\n\t\t\t\t\t\t\t<\/div>\n\t\t\t\n\t\t\t\n\t\t\t\n\t\t<\/div>\n\t\t\n\t\t[vc_custom_heading text=&#8221;Grain Handling and Milling Materials&#8221; font_container=&#8221;tag:p|font_size:20|text_align:left|color:%23777777&#8243; google_fonts=&#8221;font_family:Lato%3A100%2C100italic%2C300%2C300italic%2Cregular%2Citalic%2C700%2C700italic%2C900%2C900italic|font_style:400%20regular%3A400%3Anormal&#8221; css=&#8221;.vc_custom_1709594462363{margin-top: -25px !important;}&#8221; el_class=&#8221;hidden-sm hidden-xs&#8221;][vc_column_text woodmart_color_scheme=&#8221;dark&#8221; el_class=&#8221;text-larger&#8221; css=&#8221;.vc_custom_1709594505181{margin-bottom: 25px !important;}&#8221; text_larger=&#8221;no&#8221; woodmart_inline=&#8221;no&#8221;]\u0130tem Makina has been producing machinery and spare parts for Chicken Slaughterhouses and food processing facilities in Band\u0131rma since 1976. PlastAgri company was established for the production and processing of plastic spare parts.<\/p>\n<p>Under the roof of PlastAgri, the production of agricultural elevator buckets has started in response to the demands in the agriculture and livestock sectors. It provides services to animal feed production facilities, flour, pulses, oil, and similar facilities, especially with the production of plastic elevator buckets, post-production technical support, as well as domestic and international marketing networks.<\/p>\n<p>PlastAgri produces elevator buckets and connection equipment at international standards by implementing the necessary improvements in the product structure of elevator buckets by taking into account customer demands. In this context, it aims to be a manufacturer that demonstrates the best performance in its field by offering the advantage of using both the production of elevator buckets and other plastic spare parts and connection equipment in the best quality.<\/p>\n<p>As PlastAgri, we produce elevator buckets and connection equipment in line with the principle of &#8220;Solution and Sustainability&#8221; as our permanent target.[\/vc_column_text][\/vc_column][\/vc_row][\/vc_section][vc_section full_width=&#8221;stretch_row&#8221; css=&#8221;.vc_custom_1599899960992{margin-bottom: 10vh !important;padding-top: 8vh !important;padding-bottom: 8vh !important;background-color: #a8a8a8 !important;background-position: center !important;background-repeat: no-repeat !important;background-size: cover !important;}&#8221; mobile_bg_img_hidden=&#8221;no&#8221; tablet_bg_img_hidden=&#8221;no&#8221; woodmart_parallax=&#8221;0&#8243; woodmart_gradient_switch=&#8221;no&#8221; woodmart_disable_overflow=&#8221;0&#8243;][vc_row equal_height=&#8221;yes&#8221; content_placement=&#8221;middle&#8221; css=&#8221;.vc_custom_1499604445501{margin-right: -25px !important;margin-left: -25px !important;}&#8221;][vc_column woodmart_color_scheme=&#8221;light&#8221; css=&#8221;.vc_custom_1499604612121{padding-top: 10px !important;padding-right: 25px !important;padding-bottom: 10px !important;padding-left: 25px !important;}&#8221;]\n\t\t<div id=\"wd-65e657916b765\" class=\"title-wrapper wd-wpb wd-set-mb reset-last-child  wd-rs-65e657916b765 wd-title-color-white wd-title-style-default text-left vc_custom_1709594525401 wd-width-enabled wd-underline-colored\" style=\"--wd-max-width: 90%;\">\n\t\t\t\n\t\t\t<div class=\"liner-continer\">\n\t\t\t\t<h4 class=\"woodmart-title-container title  wd-font-weight- wd-fontsize-xxxl\" >Our Mission<\/h4>\n\t\t\t\t\t\t\t<\/div>\n\t\t\t\n\t\t\t\n\t\t\t\n\t\t<\/div>\n\t\t\n\t\t[vc_column_text woodmart_color_scheme=&#8221;light&#8221; el_class=&#8221;text-larger&#8221; css=&#8221;.vc_custom_1709594545168{margin-bottom: 25px !important;}&#8221; text_larger=&#8221;no&#8221; woodmart_inline=&#8221;no&#8221;]As PlastAgri, our mission is to produce high-quality and sustainable agricultural elevator buckets and connection equipment that meet customer demands, aiming for leadership in the grain transportation and milling materials industry. Based on customer satisfaction, we aim to add value to the sector with our products that comply with international standards and to be a reliable partner in the sector with our solution-oriented approach.[\/vc_column_text]\n\t\t<div id=\"wd-65e657b4c9067\" class=\"title-wrapper wd-wpb wd-set-mb reset-last-child  wd-rs-65e657b4c9067 wd-title-color-white wd-title-style-default text-left vc_custom_1709594567898 wd-width-enabled wd-underline-colored\" style=\"--wd-max-width: 90%;\">\n\t\t\t\n\t\t\t<div class=\"liner-continer\">\n\t\t\t\t<h4 class=\"woodmart-title-container title  wd-font-weight- wd-fontsize-xxxl\" >Our Vision<\/h4>\n\t\t\t\t\t\t\t<\/div>\n\t\t\t\n\t\t\t\n\t\t\t\n\t\t<\/div>\n\t\t\n\t\t[vc_column_text woodmart_color_scheme=&#8221;light&#8221; el_class=&#8221;text-larger&#8221; css=&#8221;.vc_custom_1709594590221{margin-bottom: 25px !important;}&#8221; text_larger=&#8221;no&#8221; woodmart_inline=&#8221;no&#8221;]As PlastAgri, our vision is to be a pioneer in the sector by using technology and innovation and to become a well-known brand in the global market by adhering to the principles of continuous improvement and development. We aim to continue to provide solutions that meet the needs of the sector by contributing to environmentally friendly and sustainable agricultural practices with our products of high-quality standards.[\/vc_column_text][\/vc_column][\/vc_row][\/vc_section][vc_section full_width=&#8221;stretch_row&#8221; css=&#8221;.vc_custom_1708074904564{margin-bottom: 10vh !important;padding-top: 8vh !important;padding-bottom: 8vh !important;background-color: #ffffff !important;background-position: center !important;background-repeat: no-repeat !important;background-size: cover !important;}&#8221; mobile_bg_img_hidden=&#8221;no&#8221; tablet_bg_img_hidden=&#8221;no&#8221; woodmart_parallax=&#8221;0&#8243; woodmart_gradient_switch=&#8221;no&#8221; woodmart_disable_overflow=&#8221;0&#8243;][vc_row equal_height=&#8221;yes&#8221; content_placement=&#8221;middle&#8221; css=&#8221;.vc_custom_1499604445501{margin-right: -25px !important;margin-left: -25px !important;}&#8221;][vc_column woodmart_color_scheme=&#8221;light&#8221; css=&#8221;.vc_custom_1499604612121{padding-top: 10px !important;padding-right: 25px !important;padding-bottom: 10px !important;padding-left: 25px !important;}&#8221;]\n\t\t<div id=\"wd-65e657e2d4274\" class=\"title-wrapper wd-wpb wd-set-mb reset-last-child  wd-rs-65e657e2d4274 wd-title-color-default wd-title-style-default text-left  wd-underline-colored\">\n\t\t\t\n\t\t\t<div class=\"liner-continer\">\n\t\t\t\t<h4 class=\"woodmart-title-container title  wd-font-weight- wd-fontsize-xxxl\" >Our Quality Policy<\/h4>\n\t\t\t\t\t\t\t<\/div>\n\t\t\t\n\t\t\t\n\t\t\t\n\t\t<\/div>\n\t\t\n\t\t[vc_column_text woodmart_color_scheme=&#8221;dark&#8221; el_class=&#8221;text-larger&#8221; css=&#8221;.vc_custom_1709594724718{margin-bottom: 25px !important;}&#8221; text_larger=&#8221;no&#8221; woodmart_inline=&#8221;no&#8221;]As PlastAgri, we act with a commitment to providing high-quality products for the agriculture and livestock sector, based on customer satisfaction. In this regard, we adopt the following quality policy:<\/p>\n<ol>\n<li><strong>Customer Satisfaction:<\/strong> We constantly strive to understand customer needs and meet their expectations. We produce our products by strictly adhering to quality standards to maximize customer satisfaction.<\/li>\n<li><strong>Sustainable Quality:<\/strong> We adhere to the principles of continuous improvement to ensure that our products function successfully and maintain their durability. We strive to raise quality standards and focus on sustainability principles in our production processes.<\/li>\n<li><strong>Technological Innovation:<\/strong> We closely follow the developments in the industry, constantly improve our products by using the latest technological innovations, and provide a competitive advantage to our customers.<\/li>\n<li><strong>Environmentally Friendly Production:<\/strong> To minimize environmental impacts, we adapt our production processes to environmentally friendly methods, prioritize recycling and adopt environmental sustainability principles.<\/li>\n<li><strong>Teamwork and Talent Development:<\/strong> We evaluate the contributions of our employees, strengthen communication within the team and focus on improving the skills of our staff through continuous training.<\/li>\n<li><strong>Corporate Responsibility:<\/strong> We operate in accordance with ethical values, being aware of our responsibilities towards society and the sector.In line with this quality policy, as PlastAgri, we will continue to be in a leading position in the sector by acting with a customer-oriented, environmentally friendly, continuous improvement-oriented and ethical values-oriented quality approach.<\/li>\n<\/ol>\n<p>[\/vc_column_text][\/vc_column][\/vc_row][vc_row equal_height=&#8221;yes&#8221; content_placement=&#8221;middle&#8221; css=&#8221;.vc_custom_1708075169725{margin-right: -25px !important;margin-left: -25px !important;}&#8221; mobile_bg_img_hidden=&#8221;no&#8221; tablet_bg_img_hidden=&#8221;no&#8221; woodmart_parallax=&#8221;0&#8243; woodmart_gradient_switch=&#8221;no&#8221; row_reverse_mobile=&#8221;0&#8243; row_reverse_tablet=&#8221;0&#8243; woodmart_disable_overflow=&#8221;0&#8243;][vc_column woodmart_color_scheme=&#8221;light&#8221; css=&#8221;.vc_custom_1499604612121{padding-top: 10px !important;padding-right: 25px !important;padding-bottom: 10px !important;padding-left: 25px !important;}&#8221;]\n\t\t<div id=\"wd-65e6586b1f67c\" class=\"title-wrapper wd-wpb wd-set-mb reset-last-child  wd-rs-65e6586b1f67c wd-title-color-default wd-title-style-default text-left  wd-underline-colored\">\n\t\t\t\n\t\t\t<div class=\"liner-continer\">\n\t\t\t\t<h4 class=\"woodmart-title-container title  wd-font-weight- wd-fontsize-xxxl\" >Certificates<\/h4>\n\t\t\t\t\t\t\t<\/div>\n\t\t\t\n\t\t\t\n\t\t\t\n\t\t<\/div>\n\t\t\n\t\t[\/vc_column][\/vc_row][vc_row equal_height=&#8221;yes&#8221; content_placement=&#8221;middle&#8221; css=&#8221;.vc_custom_1708075169725{margin-right: -25px !important;margin-left: -25px !important;}&#8221; mobile_bg_img_hidden=&#8221;no&#8221; tablet_bg_img_hidden=&#8221;no&#8221; woodmart_parallax=&#8221;0&#8243; woodmart_gradient_switch=&#8221;no&#8221; row_reverse_mobile=&#8221;0&#8243; row_reverse_tablet=&#8221;0&#8243; woodmart_disable_overflow=&#8221;0&#8243;][vc_column width=&#8221;1\/3&#8243; css=&#8221;.vc_custom_1708075899319{padding-top: 10px !important;padding-right: 25px !important;padding-bottom: 10px !important;padding-left: 25px !important;}&#8221; mobile_bg_img_hidden=&#8221;no&#8221; tablet_bg_img_hidden=&#8221;no&#8221; woodmart_parallax=&#8221;0&#8243; woodmart_sticky_column=&#8221;false&#8221; parallax_scroll=&#8221;no&#8221; mobile_reset_margin=&#8221;no&#8221; tablet_reset_margin=&#8221;no&#8221;][vc_single_image image=&#8221;4750&#8243; img_size=&#8221;full&#8221; onclick=&#8221;custom_link&#8221; img_link_target=&#8221;_blank&#8221; title=&#8221;ISO 9001-2008&#8243; parallax_scroll=&#8221;no&#8221; link=&#8221;http:\/\/www.plastagri.com\/wp-content\/uploads\/2024\/05\/PLASTAGRI-MAKINA-REVIZE-BELGE.pdf&#8221; woodmart_inline=&#8221;no&#8221;][\/vc_column][vc_column width=&#8221;1\/3&#8243;][vc_single_image image=&#8221;4498&#8243; img_size=&#8221;full&#8221; onclick=&#8221;custom_link&#8221; img_link_target=&#8221;_blank&#8221; title=&#8221;ISO 22000-2018&#8243; parallax_scroll=&#8221;no&#8221; link=&#8221;http:\/\/www.plastagri.com\/wp-content\/uploads\/2024\/05\/PLASTAGRI-22000.pdf&#8221; woodmart_inline=&#8221;no&#8221;][\/vc_column][vc_column width=&#8221;1\/3&#8243;][vc_single_image image=&#8221;4497&#8243; img_size=&#8221;full&#8221; onclick=&#8221;custom_link&#8221; img_link_target=&#8221;_blank&#8221; title=&#8221;CE&#8221; parallax_scroll=&#8221;no&#8221; link=&#8221;http:\/\/www.plastagri.com\/wp-content\/uploads\/2024\/05\/PLASTAGRI-CE-1.pdf&#8221; woodmart_inline=&#8221;no&#8221;][\/vc_column][\/vc_row][\/vc_section]<\/p>\n","protected":false},"excerpt":{"rendered":"<p>[vc_row full_width=&#8221;stretch_row&#8221; el_class=&#8221;opacity-video-bg&#8221; css=&#8221;.vc_custom_1708069461472{margin-bottom: 8vh !important;padding-top: 32vh !important;padding-bottom: 25vh !important;background-image: url(http:\/\/www.plastagri.com\/wp-content\/uploads\/2024\/02\/hakkimizda-bg.jpg?id=4150) !important;background-position: center !important;background-repeat: no-repeat !important;background-size: cover !important;}&#8221; mobile_bg_img_hidden=&#8221;no&#8221; tablet_bg_img_hidden=&#8221;no&#8221;<\/p>\n","protected":false},"author":1,"featured_media":0,"parent":0,"menu_order":0,"comment_status":"closed","ping_status":"closed","template":"","meta":{"_joinchat":[],"footnotes":""},"yoast_head":"<!-- This site is optimized with the Yoast SEO plugin v24.5 - https:\/\/yoast.com\/wordpress\/plugins\/seo\/ -->\n<title>About us - PlastAgri<\/title>\n<meta name=\"description\" content=\"As PlastAgri, we offer sustainable, high quality and innovative elevator buckets and auxiliary products to our customers. Click Now!\" \/>\n<meta name=\"robots\" content=\"index, follow, max-snippet:-1, max-image-preview:large, max-video-preview:-1\" \/>\n<link rel=\"canonical\" href=\"https:\/\/www.plastagri.com\/en\/about-us\/\" \/>\n<meta property=\"og:locale\" content=\"en_US\" \/>\n<meta property=\"og:type\" content=\"article\" \/>\n<meta property=\"og:title\" content=\"About us - PlastAgri\" \/>\n<meta property=\"og:description\" content=\"As PlastAgri, we offer sustainable, high quality and innovative elevator buckets and auxiliary products to our customers. Click Now!\" \/>\n<meta property=\"og:url\" content=\"https:\/\/www.plastagri.com\/en\/about-us\/\" \/>\n<meta property=\"og:site_name\" content=\"PlastAgri\" \/>\n<meta property=\"article:publisher\" content=\"https:\/\/www.facebook.com\/plastagri\" \/>\n<meta property=\"article:modified_time\" content=\"2024-05-18T10:05:55+00:00\" \/>\n<meta name=\"twitter:card\" content=\"summary_large_image\" \/>\n<meta name=\"twitter:label1\" content=\"Est. reading time\" \/>\n\t<meta name=\"twitter:data1\" content=\"6 minutes\" \/>\n<script type=\"application\/ld+json\" class=\"yoast-schema-graph\">{\"@context\":\"https:\/\/schema.org\",\"@graph\":[{\"@type\":\"WebPage\",\"@id\":\"https:\/\/www.plastagri.com\/en\/about-us\/\",\"url\":\"https:\/\/www.plastagri.com\/en\/about-us\/\",\"name\":\"About us - PlastAgri\",\"isPartOf\":{\"@id\":\"https:\/\/www.plastagri.com\/#website\"},\"datePublished\":\"2017-07-13T03:58:00+00:00\",\"dateModified\":\"2024-05-18T10:05:55+00:00\",\"description\":\"As PlastAgri, we offer sustainable, high quality and innovative elevator buckets and auxiliary products to our customers. Click Now!\",\"breadcrumb\":{\"@id\":\"https:\/\/www.plastagri.com\/en\/about-us\/#breadcrumb\"},\"inLanguage\":\"en-US\",\"potentialAction\":[{\"@type\":\"ReadAction\",\"target\":[\"https:\/\/www.plastagri.com\/en\/about-us\/\"]}]},{\"@type\":\"BreadcrumbList\",\"@id\":\"https:\/\/www.plastagri.com\/en\/about-us\/#breadcrumb\",\"itemListElement\":[{\"@type\":\"ListItem\",\"position\":1,\"name\":\"Anasayfa\",\"item\":\"https:\/\/www.plastagri.com\/en\/\"},{\"@type\":\"ListItem\",\"position\":2,\"name\":\"About us\"}]},{\"@type\":\"WebSite\",\"@id\":\"https:\/\/www.plastagri.com\/#website\",\"url\":\"https:\/\/www.plastagri.com\/\",\"name\":\"PlastAgri Elevat\u00f6r Kovalar\u0131\",\"description\":\"Elevat&ouml;r Kovalar\u0131 | Elevat&ouml;r Bantlar\u0131\",\"publisher\":{\"@id\":\"https:\/\/www.plastagri.com\/#organization\"},\"alternateName\":\"PlastAgri\",\"potentialAction\":[{\"@type\":\"SearchAction\",\"target\":{\"@type\":\"EntryPoint\",\"urlTemplate\":\"https:\/\/www.plastagri.com\/?s={search_term_string}\"},\"query-input\":{\"@type\":\"PropertyValueSpecification\",\"valueRequired\":true,\"valueName\":\"search_term_string\"}}],\"inLanguage\":\"en-US\"},{\"@type\":\"Organization\",\"@id\":\"https:\/\/www.plastagri.com\/#organization\",\"name\":\"PlastAgri\",\"url\":\"https:\/\/www.plastagri.com\/\",\"logo\":{\"@type\":\"ImageObject\",\"inLanguage\":\"en-US\",\"@id\":\"https:\/\/www.plastagri.com\/#\/schema\/logo\/image\/\",\"url\":\"https:\/\/www.plastagri.com\/wp-content\/uploads\/2024\/02\/cropped-plastagri-favicon.png\",\"contentUrl\":\"https:\/\/www.plastagri.com\/wp-content\/uploads\/2024\/02\/cropped-plastagri-favicon.png\",\"width\":512,\"height\":512,\"caption\":\"PlastAgri\"},\"image\":{\"@id\":\"https:\/\/www.plastagri.com\/#\/schema\/logo\/image\/\"},\"sameAs\":[\"https:\/\/www.facebook.com\/plastagri\",\"https:\/\/www.instagram.com\/plastagri_elevatorbuckets\/\",\"https:\/\/www.linkedin.com\/company\/plastagri-makina-san-tic-a-\/?viewAsMember=true\"]}]}<\/script>\n<!-- \/ Yoast SEO plugin. -->","yoast_head_json":{"title":"About us - PlastAgri","description":"As PlastAgri, we offer sustainable, high quality and innovative elevator buckets and auxiliary products to our customers. Click Now!","robots":{"index":"index","follow":"follow","max-snippet":"max-snippet:-1","max-image-preview":"max-image-preview:large","max-video-preview":"max-video-preview:-1"},"canonical":"https:\/\/www.plastagri.com\/en\/about-us\/","og_locale":"en_US","og_type":"article","og_title":"About us - PlastAgri","og_description":"As PlastAgri, we offer sustainable, high quality and innovative elevator buckets and auxiliary products to our customers. Click Now!","og_url":"https:\/\/www.plastagri.com\/en\/about-us\/","og_site_name":"PlastAgri","article_publisher":"https:\/\/www.facebook.com\/plastagri","article_modified_time":"2024-05-18T10:05:55+00:00","twitter_card":"summary_large_image","twitter_misc":{"Est. reading time":"6 minutes"},"schema":{"@context":"https:\/\/schema.org","@graph":[{"@type":"WebPage","@id":"https:\/\/www.plastagri.com\/en\/about-us\/","url":"https:\/\/www.plastagri.com\/en\/about-us\/","name":"About us - PlastAgri","isPartOf":{"@id":"https:\/\/www.plastagri.com\/#website"},"datePublished":"2017-07-13T03:58:00+00:00","dateModified":"2024-05-18T10:05:55+00:00","description":"As PlastAgri, we offer sustainable, high quality and innovative elevator buckets and auxiliary products to our customers. Click Now!","breadcrumb":{"@id":"https:\/\/www.plastagri.com\/en\/about-us\/#breadcrumb"},"inLanguage":"en-US","potentialAction":[{"@type":"ReadAction","target":["https:\/\/www.plastagri.com\/en\/about-us\/"]}]},{"@type":"BreadcrumbList","@id":"https:\/\/www.plastagri.com\/en\/about-us\/#breadcrumb","itemListElement":[{"@type":"ListItem","position":1,"name":"Anasayfa","item":"https:\/\/www.plastagri.com\/en\/"},{"@type":"ListItem","position":2,"name":"About us"}]},{"@type":"WebSite","@id":"https:\/\/www.plastagri.com\/#website","url":"https:\/\/www.plastagri.com\/","name":"PlastAgri Elevat\u00f6r Kovalar\u0131","description":"Elevat&ouml;r Kovalar\u0131 | Elevat&ouml;r Bantlar\u0131","publisher":{"@id":"https:\/\/www.plastagri.com\/#organization"},"alternateName":"PlastAgri","potentialAction":[{"@type":"SearchAction","target":{"@type":"EntryPoint","urlTemplate":"https:\/\/www.plastagri.com\/?s={search_term_string}"},"query-input":{"@type":"PropertyValueSpecification","valueRequired":true,"valueName":"search_term_string"}}],"inLanguage":"en-US"},{"@type":"Organization","@id":"https:\/\/www.plastagri.com\/#organization","name":"PlastAgri","url":"https:\/\/www.plastagri.com\/","logo":{"@type":"ImageObject","inLanguage":"en-US","@id":"https:\/\/www.plastagri.com\/#\/schema\/logo\/image\/","url":"https:\/\/www.plastagri.com\/wp-content\/uploads\/2024\/02\/cropped-plastagri-favicon.png","contentUrl":"https:\/\/www.plastagri.com\/wp-content\/uploads\/2024\/02\/cropped-plastagri-favicon.png","width":512,"height":512,"caption":"PlastAgri"},"image":{"@id":"https:\/\/www.plastagri.com\/#\/schema\/logo\/image\/"},"sameAs":["https:\/\/www.facebook.com\/plastagri","https:\/\/www.instagram.com\/plastagri_elevatorbuckets\/","https:\/\/www.linkedin.com\/company\/plastagri-makina-san-tic-a-\/?viewAsMember=true"]}]}},"_links":{"self":[{"href":"https:\/\/www.plastagri.com\/en\/wp-json\/wp\/v2\/pages\/4615"}],"collection":[{"href":"https:\/\/www.plastagri.com\/en\/wp-json\/wp\/v2\/pages"}],"about":[{"href":"https:\/\/www.plastagri.com\/en\/wp-json\/wp\/v2\/types\/page"}],"author":[{"embeddable":true,"href":"https:\/\/www.plastagri.com\/en\/wp-json\/wp\/v2\/users\/1"}],"replies":[{"embeddable":true,"href":"https:\/\/www.plastagri.com\/en\/wp-json\/wp\/v2\/comments?post=4615"}],"version-history":[{"count":8,"href":"https:\/\/www.plastagri.com\/en\/wp-json\/wp\/v2\/pages\/4615\/revisions"}],"predecessor-version":[{"id":4752,"href":"https:\/\/www.plastagri.com\/en\/wp-json\/wp\/v2\/pages\/4615\/revisions\/4752"}],"wp:attachment":[{"href":"https:\/\/www.plastagri.com\/en\/wp-json\/wp\/v2\/media?parent=4615"}],"curies":[{"name":"wp","href":"https:\/\/api.w.org\/{rel}","templated":true}]}}