{"id":4619,"date":"2024-02-29T15:57:08","date_gmt":"2024-02-29T12:57:08","guid":{"rendered":"https:\/\/www.plastagri.com\/plastik-siyirici-padillar\/"},"modified":"2024-03-05T12:02:49","modified_gmt":"2024-03-05T09:02:49","slug":"plastic-scraper-pads","status":"publish","type":"page","link":"https:\/\/www.plastagri.com\/en\/plastic-scraper-pads\/","title":{"rendered":"Plastic Scraper Pads"},"content":{"rendered":"<p>[vc_row css=&#8221;.vc_custom_1708078742068{margin-bottom: 0px !important;border-bottom-width: 0px !important;padding-bottom: 0px !important;}&#8221; mobile_bg_img_hidden=&#8221;no&#8221; tablet_bg_img_hidden=&#8221;no&#8221; woodmart_parallax=&#8221;0&#8243; woodmart_gradient_switch=&#8221;no&#8221; row_reverse_mobile=&#8221;0&#8243; row_reverse_tablet=&#8221;0&#8243; woodmart_disable_overflow=&#8221;0&#8243;][vc_column width=&#8221;1\/2&#8243; offset=&#8221;vc_col-lg-6 vc_col-md-6 vc_col-xs-12&#8243; mobile_bg_img_hidden=&#8221;no&#8221; tablet_bg_img_hidden=&#8221;no&#8221; woodmart_parallax=&#8221;0&#8243; woodmart_sticky_column=&#8221;false&#8221; parallax_scroll=&#8221;no&#8221; mobile_reset_margin=&#8221;no&#8221; tablet_reset_margin=&#8221;no&#8221;]\t\t\t<div id=\"wd-65e6df7452306\" class=\"wd-text-block-wrapper wd-wpb wd-rs-65e6df7452306 color-scheme-dark text-left wd-off-anim wpb_animate_when_almost_visible wpb_wd-slide-from-left wd-slide-from-left wd-anim-name_wd-slide-from-left wd-width-enabled vc_custom_1709629320967\" style=\"--wd-max-width: 90%;\">\n\t\t\t\t<div class=\"woodmart-title-container woodmart-text-block reset-last-child font-primary wd-font-weight-600 wd-fontsize-xxxl\">\n\t\t\t\t\t<\/p>\n<h2><span class=\"color-primary\">Plastic<\/span><br \/>\nScraper Pads<\/h2>\n<p>\t\t\t\t<\/div>\n\n\t\t\t\t\t\t\t<\/div>\n\t\t\t\t\t<div id=\"wd-65e6df8e76675\" class=\"wd-text-block-wrapper wd-wpb wd-rs-65e6df8e76675 color-scheme- text-left wd-off-anim wpb_animate_when_almost_visible wpb_wd-slide-from-left wd-slide-from-left wd-anim-name_wd-slide-from-left wd-width-enabled vc_custom_1709629359775\" style=\"--wd-max-width: 90%;\">\n\t\t\t\t<div class=\"woodmart-title-container woodmart-text-block reset-last-child font-text wd-font-weight-400 \">\n\t\t\t\t\t<\/p>\n<div>\n<p><strong>PlastAgri<\/strong> manufactures plastic scrapers for chain conveyors. These scrapers are produced through either injection molding or CNC processing, employing two different methods.<\/p>\n<p>The structure of commonly used models is designed and manufactured according to the task of the chain conveyor. Polyamide and HDPE are the general types of raw materials.<\/p>\n<p>Taking user demands into consideration, PlastAgri ensures long-term user satisfaction in both product development and the selection of the right raw materials.<\/p>\n<p>Scraper pads are produced in the desired dimensions and sizes based on samples or technical drawings.<\/p>\n<\/div>\n<p>\t\t\t\t<\/div>\n\n\t\t\t\t\t\t\t<\/div>\n\t\t[\/vc_column][vc_column width=&#8221;1\/2&#8243; mobile_bg_img_hidden=&#8221;no&#8221; tablet_bg_img_hidden=&#8221;no&#8221; woodmart_parallax=&#8221;0&#8243; woodmart_sticky_column=&#8221;false&#8221; parallax_scroll=&#8221;no&#8221; mobile_reset_margin=&#8221;no&#8221; tablet_reset_margin=&#8221;no&#8221;][vc_gallery interval=&#8221;3&#8243; images=&#8221;4539,4540,4541,4542&#8243; img_size=&#8221;large&#8221;][\/vc_column][\/vc_row]<\/p>\n","protected":false},"excerpt":{"rendered":"<p>[vc_row css=&#8221;.vc_custom_1708078742068{margin-bottom: 0px !important;border-bottom-width: 0px !important;padding-bottom: 0px !important;}&#8221; mobile_bg_img_hidden=&#8221;no&#8221; tablet_bg_img_hidden=&#8221;no&#8221; woodmart_parallax=&#8221;0&#8243; woodmart_gradient_switch=&#8221;no&#8221; row_reverse_mobile=&#8221;0&#8243; row_reverse_tablet=&#8221;0&#8243; woodmart_disable_overflow=&#8221;0&#8243;][vc_column width=&#8221;1\/2&#8243; offset=&#8221;vc_col-lg-6 vc_col-md-6 vc_col-xs-12&#8243; mobile_bg_img_hidden=&#8221;no&#8221;<\/p>\n","protected":false},"author":1,"featured_media":0,"parent":0,"menu_order":0,"comment_status":"closed","ping_status":"closed","template":"","meta":{"_joinchat":[],"footnotes":""},"yoast_head":"<!-- This site is optimized with the Yoast SEO plugin v24.5 - https:\/\/yoast.com\/wordpress\/plugins\/seo\/ -->\n<title>Plastic Scraper Pads - PlastAgri<\/title>\n<meta name=\"robots\" content=\"index, follow, max-snippet:-1, max-image-preview:large, max-video-preview:-1\" \/>\n<link rel=\"canonical\" href=\"http:\/\/www.plastagri.com\/en\/plastic-scraper-pads\/\" \/>\n<meta property=\"og:locale\" content=\"en_US\" \/>\n<meta property=\"og:type\" content=\"article\" \/>\n<meta property=\"og:title\" content=\"Plastic Scraper Pads - PlastAgri\" \/>\n<meta property=\"og:description\" content=\"[vc_row css=&#8221;.vc_custom_1708078742068{margin-bottom: 0px !important;border-bottom-width: 0px !important;padding-bottom: 0px !important;}&#8221; mobile_bg_img_hidden=&#8221;no&#8221; tablet_bg_img_hidden=&#8221;no&#8221; woodmart_parallax=&#8221;0&#8243; woodmart_gradient_switch=&#8221;no&#8221; row_reverse_mobile=&#8221;0&#8243; row_reverse_tablet=&#8221;0&#8243; woodmart_disable_overflow=&#8221;0&#8243;][vc_column width=&#8221;1\/2&#8243; offset=&#8221;vc_col-lg-6 vc_col-md-6 vc_col-xs-12&#8243; mobile_bg_img_hidden=&#8221;no&#8221;\" \/>\n<meta property=\"og:url\" content=\"http:\/\/www.plastagri.com\/en\/plastic-scraper-pads\/\" \/>\n<meta property=\"og:site_name\" content=\"PlastAgri\" \/>\n<meta property=\"article:publisher\" content=\"https:\/\/www.facebook.com\/plastagri\" \/>\n<meta property=\"article:modified_time\" content=\"2024-03-05T09:02:49+00:00\" \/>\n<meta name=\"twitter:card\" content=\"summary_large_image\" \/>\n<meta name=\"twitter:label1\" content=\"Est. reading time\" \/>\n\t<meta name=\"twitter:data1\" content=\"2 minutes\" \/>\n<script type=\"application\/ld+json\" class=\"yoast-schema-graph\">{\"@context\":\"https:\/\/schema.org\",\"@graph\":[{\"@type\":\"WebPage\",\"@id\":\"http:\/\/www.plastagri.com\/en\/plastic-scraper-pads\/\",\"url\":\"http:\/\/www.plastagri.com\/en\/plastic-scraper-pads\/\",\"name\":\"Plastic Scraper Pads - PlastAgri\",\"isPartOf\":{\"@id\":\"https:\/\/www.plastagri.com\/#website\"},\"datePublished\":\"2024-02-29T12:57:08+00:00\",\"dateModified\":\"2024-03-05T09:02:49+00:00\",\"breadcrumb\":{\"@id\":\"http:\/\/www.plastagri.com\/en\/plastic-scraper-pads\/#breadcrumb\"},\"inLanguage\":\"en-US\",\"potentialAction\":[{\"@type\":\"ReadAction\",\"target\":[\"http:\/\/www.plastagri.com\/en\/plastic-scraper-pads\/\"]}]},{\"@type\":\"BreadcrumbList\",\"@id\":\"http:\/\/www.plastagri.com\/en\/plastic-scraper-pads\/#breadcrumb\",\"itemListElement\":[{\"@type\":\"ListItem\",\"position\":1,\"name\":\"Anasayfa\",\"item\":\"https:\/\/www.plastagri.com\/en\/\"},{\"@type\":\"ListItem\",\"position\":2,\"name\":\"Plastic Scraper Pads\"}]},{\"@type\":\"WebSite\",\"@id\":\"https:\/\/www.plastagri.com\/#website\",\"url\":\"https:\/\/www.plastagri.com\/\",\"name\":\"PlastAgri Elevat\u00f6r Kovalar\u0131\",\"description\":\"Elevat&ouml;r Kovalar\u0131 | Elevat&ouml;r Bantlar\u0131\",\"publisher\":{\"@id\":\"https:\/\/www.plastagri.com\/#organization\"},\"alternateName\":\"PlastAgri\",\"potentialAction\":[{\"@type\":\"SearchAction\",\"target\":{\"@type\":\"EntryPoint\",\"urlTemplate\":\"https:\/\/www.plastagri.com\/?s={search_term_string}\"},\"query-input\":{\"@type\":\"PropertyValueSpecification\",\"valueRequired\":true,\"valueName\":\"search_term_string\"}}],\"inLanguage\":\"en-US\"},{\"@type\":\"Organization\",\"@id\":\"https:\/\/www.plastagri.com\/#organization\",\"name\":\"PlastAgri\",\"url\":\"https:\/\/www.plastagri.com\/\",\"logo\":{\"@type\":\"ImageObject\",\"inLanguage\":\"en-US\",\"@id\":\"https:\/\/www.plastagri.com\/#\/schema\/logo\/image\/\",\"url\":\"https:\/\/www.plastagri.com\/wp-content\/uploads\/2024\/02\/cropped-plastagri-favicon.png\",\"contentUrl\":\"https:\/\/www.plastagri.com\/wp-content\/uploads\/2024\/02\/cropped-plastagri-favicon.png\",\"width\":512,\"height\":512,\"caption\":\"PlastAgri\"},\"image\":{\"@id\":\"https:\/\/www.plastagri.com\/#\/schema\/logo\/image\/\"},\"sameAs\":[\"https:\/\/www.facebook.com\/plastagri\",\"https:\/\/www.instagram.com\/plastagri_elevatorbuckets\/\",\"https:\/\/www.linkedin.com\/company\/plastagri-makina-san-tic-a-\/?viewAsMember=true\"]}]}<\/script>\n<!-- \/ Yoast SEO plugin. -->","yoast_head_json":{"title":"Plastic Scraper Pads - PlastAgri","robots":{"index":"index","follow":"follow","max-snippet":"max-snippet:-1","max-image-preview":"max-image-preview:large","max-video-preview":"max-video-preview:-1"},"canonical":"http:\/\/www.plastagri.com\/en\/plastic-scraper-pads\/","og_locale":"en_US","og_type":"article","og_title":"Plastic Scraper Pads - PlastAgri","og_description":"[vc_row css=&#8221;.vc_custom_1708078742068{margin-bottom: 0px !important;border-bottom-width: 0px !important;padding-bottom: 0px !important;}&#8221; mobile_bg_img_hidden=&#8221;no&#8221; tablet_bg_img_hidden=&#8221;no&#8221; woodmart_parallax=&#8221;0&#8243; woodmart_gradient_switch=&#8221;no&#8221; row_reverse_mobile=&#8221;0&#8243; row_reverse_tablet=&#8221;0&#8243; woodmart_disable_overflow=&#8221;0&#8243;][vc_column width=&#8221;1\/2&#8243; offset=&#8221;vc_col-lg-6 vc_col-md-6 vc_col-xs-12&#8243; mobile_bg_img_hidden=&#8221;no&#8221;","og_url":"http:\/\/www.plastagri.com\/en\/plastic-scraper-pads\/","og_site_name":"PlastAgri","article_publisher":"https:\/\/www.facebook.com\/plastagri","article_modified_time":"2024-03-05T09:02:49+00:00","twitter_card":"summary_large_image","twitter_misc":{"Est. reading time":"2 minutes"},"schema":{"@context":"https:\/\/schema.org","@graph":[{"@type":"WebPage","@id":"http:\/\/www.plastagri.com\/en\/plastic-scraper-pads\/","url":"http:\/\/www.plastagri.com\/en\/plastic-scraper-pads\/","name":"Plastic Scraper Pads - PlastAgri","isPartOf":{"@id":"https:\/\/www.plastagri.com\/#website"},"datePublished":"2024-02-29T12:57:08+00:00","dateModified":"2024-03-05T09:02:49+00:00","breadcrumb":{"@id":"http:\/\/www.plastagri.com\/en\/plastic-scraper-pads\/#breadcrumb"},"inLanguage":"en-US","potentialAction":[{"@type":"ReadAction","target":["http:\/\/www.plastagri.com\/en\/plastic-scraper-pads\/"]}]},{"@type":"BreadcrumbList","@id":"http:\/\/www.plastagri.com\/en\/plastic-scraper-pads\/#breadcrumb","itemListElement":[{"@type":"ListItem","position":1,"name":"Anasayfa","item":"https:\/\/www.plastagri.com\/en\/"},{"@type":"ListItem","position":2,"name":"Plastic Scraper Pads"}]},{"@type":"WebSite","@id":"https:\/\/www.plastagri.com\/#website","url":"https:\/\/www.plastagri.com\/","name":"PlastAgri Elevat\u00f6r Kovalar\u0131","description":"Elevat&ouml;r Kovalar\u0131 | Elevat&ouml;r Bantlar\u0131","publisher":{"@id":"https:\/\/www.plastagri.com\/#organization"},"alternateName":"PlastAgri","potentialAction":[{"@type":"SearchAction","target":{"@type":"EntryPoint","urlTemplate":"https:\/\/www.plastagri.com\/?s={search_term_string}"},"query-input":{"@type":"PropertyValueSpecification","valueRequired":true,"valueName":"search_term_string"}}],"inLanguage":"en-US"},{"@type":"Organization","@id":"https:\/\/www.plastagri.com\/#organization","name":"PlastAgri","url":"https:\/\/www.plastagri.com\/","logo":{"@type":"ImageObject","inLanguage":"en-US","@id":"https:\/\/www.plastagri.com\/#\/schema\/logo\/image\/","url":"https:\/\/www.plastagri.com\/wp-content\/uploads\/2024\/02\/cropped-plastagri-favicon.png","contentUrl":"https:\/\/www.plastagri.com\/wp-content\/uploads\/2024\/02\/cropped-plastagri-favicon.png","width":512,"height":512,"caption":"PlastAgri"},"image":{"@id":"https:\/\/www.plastagri.com\/#\/schema\/logo\/image\/"},"sameAs":["https:\/\/www.facebook.com\/plastagri","https:\/\/www.instagram.com\/plastagri_elevatorbuckets\/","https:\/\/www.linkedin.com\/company\/plastagri-makina-san-tic-a-\/?viewAsMember=true"]}]}},"_links":{"self":[{"href":"https:\/\/www.plastagri.com\/en\/wp-json\/wp\/v2\/pages\/4619"}],"collection":[{"href":"https:\/\/www.plastagri.com\/en\/wp-json\/wp\/v2\/pages"}],"about":[{"href":"https:\/\/www.plastagri.com\/en\/wp-json\/wp\/v2\/types\/page"}],"author":[{"embeddable":true,"href":"https:\/\/www.plastagri.com\/en\/wp-json\/wp\/v2\/users\/1"}],"replies":[{"embeddable":true,"href":"https:\/\/www.plastagri.com\/en\/wp-json\/wp\/v2\/comments?post=4619"}],"version-history":[{"count":5,"href":"https:\/\/www.plastagri.com\/en\/wp-json\/wp\/v2\/pages\/4619\/revisions"}],"predecessor-version":[{"id":4656,"href":"https:\/\/www.plastagri.com\/en\/wp-json\/wp\/v2\/pages\/4619\/revisions\/4656"}],"wp:attachment":[{"href":"https:\/\/www.plastagri.com\/en\/wp-json\/wp\/v2\/media?parent=4619"}],"curies":[{"name":"wp","href":"https:\/\/api.w.org\/{rel}","templated":true}]}}