{"id":4623,"date":"2024-02-16T16:36:12","date_gmt":"2024-02-16T13:36:12","guid":{"rendered":"https:\/\/www.plastagri.com\/pro-force-elevator-kovasi\/"},"modified":"2024-03-05T11:44:00","modified_gmt":"2024-03-05T08:44:00","slug":"pro-force-elevator-bucket","status":"publish","type":"page","link":"https:\/\/www.plastagri.com\/en\/pro-force-elevator-bucket\/","title":{"rendered":"Pro Force Elevator Bucket"},"content":{"rendered":"<p>[vc_row css=&#8221;.vc_custom_1708078742068{margin-bottom: 0px !important;border-bottom-width: 0px !important;padding-bottom: 0px !important;}&#8221; mobile_bg_img_hidden=&#8221;no&#8221; tablet_bg_img_hidden=&#8221;no&#8221; woodmart_parallax=&#8221;0&#8243; woodmart_gradient_switch=&#8221;no&#8221; row_reverse_mobile=&#8221;0&#8243; row_reverse_tablet=&#8221;0&#8243; woodmart_disable_overflow=&#8221;0&#8243;][vc_column width=&#8221;1\/2&#8243; offset=&#8221;vc_col-lg-6 vc_col-md-6 vc_col-xs-12&#8243; mobile_bg_img_hidden=&#8221;no&#8221; tablet_bg_img_hidden=&#8221;no&#8221; woodmart_parallax=&#8221;0&#8243; woodmart_sticky_column=&#8221;false&#8221; parallax_scroll=&#8221;no&#8221; mobile_reset_margin=&#8221;no&#8221; tablet_reset_margin=&#8221;no&#8221;]\t\t\t<div id=\"wd-65e6d0ada3ce4\" class=\"wd-text-block-wrapper wd-wpb wd-rs-65e6d0ada3ce4 color-scheme-dark text-left wd-off-anim wpb_animate_when_almost_visible wpb_wd-slide-from-left wd-slide-from-left wd-anim-name_wd-slide-from-left wd-width-enabled vc_custom_1709625558009\" style=\"--wd-max-width: 90%;\">\n\t\t\t\t<div class=\"woodmart-title-container woodmart-text-block reset-last-child font-primary wd-font-weight-600 wd-fontsize-xxxl\">\n\t\t\t\t\t<\/p>\n<h2><span class=\"color-primary\">High Durability<\/span><br \/>\nwith Pro-Force<\/h2>\n<p>\t\t\t\t<\/div>\n\n\t\t\t\t\t\t\t<\/div>\n\t\t[vc_custom_heading text=&#8221;HDPE \u2013 High Density Polyethylene&#8221; font_container=&#8221;tag:h4|font_size:20|text_align:left&#8221; use_theme_fonts=&#8221;yes&#8221; el_class=&#8221;visible-lg&#8221;]\t\t\t<div id=\"wd-65e6d0f773eaf\" class=\"wd-text-block-wrapper wd-wpb wd-rs-65e6d0f773eaf color-scheme- text-left wd-off-anim wpb_animate_when_almost_visible wpb_wd-slide-from-left wd-slide-from-left wd-anim-name_wd-slide-from-left wd-width-enabled vc_custom_1709625648520\" style=\"--wd-max-width: 90%;\">\n\t\t\t\t<div class=\"woodmart-title-container woodmart-text-block reset-last-child font-text wd-font-weight-400 \">\n\t\t\t\t\t<\/p>\n<div>\n<p>Pro-Force Elevator Buckets offer an ideal solution for high durability and wear resistance, catering to needs in various sectors such as flour, feed, legumes, and more! Specifically designed for customers in agricultural production who demand high performance and durability, Pro-Force Elevator Buckets put an end to issues like breakage, rapid wear, and spillage with their robust mouth structure. Standing out with these features, Pro-Force ensures excellent performance in the transportation of products like flour, feed, and legumes.<\/p>\n<p>With Pro-Force, enhance the efficiency of your silos with a reliable and durable solution!<\/p>\n<\/div>\n<p>\t\t\t\t<\/div>\n\n\t\t\t\t\t\t\t<\/div>\n\t\t[vc_row_inner][vc_column_inner width=&#8221;1\/2&#8243;]\n\t\t<ul class=\" wd-rs-65e6d9a81c551 wd-list wd-wpb color-scheme- wd-fontsize-xs wd-type-icon wd-style-default text-left wd-off-anim wpb_animate_when_almost_visible wpb_fadeIn fadeIn wd-anim-name_fadeIn bold \" id=\"wd-65e6d9a81c551\">\n\t\t\t\t\t\t\t\t\t\t\t<li>\n\t\t\t\t\t<span class=\"wd-icon fas fa-angle-double-right\"><\/span>\n\t\t\t\t\t<span class=\"wd-list-content list-content\">\n\t\t\t\t\t\t\t\t\t\t\t\t\tFood Grade\t\t\t\t\t\t\t\t\t\t\t<\/span>\n\t\t\t\t<\/li>\n\t\t\t\t\t\t\t\t\t\t\t<li>\n\t\t\t\t\t<span class=\"wd-icon fas fa-angle-double-right\"><\/span>\n\t\t\t\t\t<span class=\"wd-list-content list-content\">\n\t\t\t\t\t\t\t\t\t\t\t\t\tMaximum Strength\t\t\t\t\t\t\t\t\t\t\t<\/span>\n\t\t\t\t<\/li>\n\t\t\t\t\t\t\t\t\t\t\t<li>\n\t\t\t\t\t<span class=\"wd-icon fas fa-angle-double-right\"><\/span>\n\t\t\t\t\t<span class=\"wd-list-content list-content\">\n\t\t\t\t\t\t\t\t\t\t\t\t\tLong Term Use\t\t\t\t\t\t\t\t\t\t\t<\/span>\n\t\t\t\t<\/li>\n\t\t\t\t\t\t\t\t\t\t\t<li>\n\t\t\t\t\t<span class=\"wd-icon fas fa-angle-double-right\"><\/span>\n\t\t\t\t\t<span class=\"wd-list-content list-content\">\n\t\t\t\t\t\t\t\t\t\t\t\t\tLight in Weight\t\t\t\t\t\t\t\t\t\t\t<\/span>\n\t\t\t\t<\/li>\n\t\t\t\t\t<\/ul>\n\t\t[\/vc_column_inner][vc_column_inner width=&#8221;1\/2&#8243;]\n\t\t<ul class=\" wd-rs-65e6d9e6925f1 wd-list wd-wpb color-scheme- wd-fontsize-xs wd-type-icon wd-style-default text-left wd-off-anim wpb_animate_when_almost_visible wpb_fadeIn fadeIn wd-anim-name_fadeIn \" id=\"wd-65e6d9e6925f1\">\n\t\t\t\t\t\t\t\t\t\t\t<li>\n\t\t\t\t\t<span class=\"wd-icon fas fa-angle-double-right\"><\/span>\n\t\t\t\t\t<span class=\"wd-list-content list-content\">\n\t\t\t\t\t\t\t\t\t\t\t\t\tAnti-Static\t\t\t\t\t\t\t\t\t\t\t<\/span>\n\t\t\t\t<\/li>\n\t\t\t\t\t\t\t\t\t\t\t<li>\n\t\t\t\t\t<span class=\"wd-icon fas fa-angle-double-right\"><\/span>\n\t\t\t\t\t<span class=\"wd-list-content list-content\">\n\t\t\t\t\t\t\t\t\t\t\t\t\tMaximum Abrasion Resistant\t\t\t\t\t\t\t\t\t\t\t<\/span>\n\t\t\t\t<\/li>\n\t\t\t\t\t\t\t\t\t\t\t<li>\n\t\t\t\t\t<span class=\"wd-icon fas fa-angle-double-right\"><\/span>\n\t\t\t\t\t<span class=\"wd-list-content list-content\">\n\t\t\t\t\t\t\t\t\t\t\t\t\tFlexibility Against Impacts\t\t\t\t\t\t\t\t\t\t\t<\/span>\n\t\t\t\t<\/li>\n\t\t\t\t\t<\/ul>\n\t\t[\/vc_column_inner][\/vc_row_inner][\/vc_column][vc_column width=&#8221;1\/2&#8243; mobile_bg_img_hidden=&#8221;no&#8221; tablet_bg_img_hidden=&#8221;no&#8221; woodmart_parallax=&#8221;0&#8243; woodmart_sticky_column=&#8221;false&#8221; parallax_scroll=&#8221;no&#8221; mobile_reset_margin=&#8221;no&#8221; tablet_reset_margin=&#8221;no&#8221;][vc_single_image image=&#8221;4491&#8243; img_size=&#8221;large&#8221; parallax_scroll=&#8221;no&#8221;][\/vc_column][\/vc_row][vc_row mobile_bg_img_hidden=&#8221;no&#8221; tablet_bg_img_hidden=&#8221;no&#8221; woodmart_parallax=&#8221;0&#8243; woodmart_gradient_switch=&#8221;no&#8221; row_reverse_mobile=&#8221;0&#8243; row_reverse_tablet=&#8221;0&#8243; woodmart_disable_overflow=&#8221;0&#8243;][vc_column][vc_separator style=&#8221;dotted&#8221; border_width=&#8221;2&#8243;]\t\t\t<div id=\"wd-65e6da175fbb9\" class=\"wd-text-block-wrapper wd-wpb wd-rs-65e6da175fbb9 color-scheme-dark text-center \">\n\t\t\t\t<div class=\"woodmart-title-container woodmart-text-block reset-last-child font-primary wd-font-weight-600 wd-fontsize-xxl\">\n\t\t\t\t\t<\/p>\n<div class=\"vc_row wpb_row vc_row-fluid\">\n<div class=\"wpb_column vc_column_container vc_col-sm-12\">\n<div class=\"vc_column-inner\">\n<div class=\"wpb_wrapper\">\n<div id=\"wd-65e64301cc2a2\" class=\"wd-text-block-wrapper wd-wpb wd-rs-65e64301cc2a2 color-scheme-dark text-center \">\n<div class=\"woodmart-title-container woodmart-text-block reset-last-child font-primary wd-font-weight-600 wd-fontsize-xxl\">\n<h2>Recommended Uses<\/h2>\n<\/div>\n<\/div>\n<\/div>\n<\/div>\n<\/div>\n<\/div>\n<p>\t\t\t\t<\/div>\n\n\t\t\t\t\t\t\t<\/div>\n\t\t[\/vc_column][\/vc_row][vc_row][vc_column width=&#8221;1\/6&#8243;][vc_single_image image=&#8221;4500&#8243; alignment=&#8221;center&#8221; style=&#8221;vc_box_rounded&#8221; title=&#8221;Wheat&#8221; parallax_scroll=&#8221;no&#8221; woodmart_inline=&#8221;no&#8221;][\/vc_column][vc_column width=&#8221;1\/6&#8243;][vc_single_image image=&#8221;4501&#8243; alignment=&#8221;center&#8221; style=&#8221;vc_box_rounded&#8221; title=&#8221;Barley&#8221; parallax_scroll=&#8221;no&#8221; woodmart_inline=&#8221;no&#8221;][\/vc_column][vc_column width=&#8221;1\/6&#8243;][vc_single_image image=&#8221;4502&#8243; alignment=&#8221;center&#8221; style=&#8221;vc_box_rounded&#8221; title=&#8221;Grains&#8221; parallax_scroll=&#8221;no&#8221; woodmart_inline=&#8221;no&#8221;][\/vc_column][vc_column width=&#8221;1\/6&#8243;][vc_single_image image=&#8221;4521&#8243; alignment=&#8221;center&#8221; style=&#8221;vc_box_rounded&#8221; title=&#8221;Legumes&#8221; parallax_scroll=&#8221;no&#8221; woodmart_inline=&#8221;no&#8221;][\/vc_column][vc_column width=&#8221;1\/6&#8243;][vc_single_image image=&#8221;4504&#8243; alignment=&#8221;center&#8221; style=&#8221;vc_box_rounded&#8221; title=&#8221;Lentil&#8221; parallax_scroll=&#8221;no&#8221; woodmart_inline=&#8221;no&#8221;][\/vc_column][vc_column width=&#8221;1\/6&#8243;][vc_single_image image=&#8221;4505&#8243; alignment=&#8221;center&#8221; style=&#8221;vc_box_rounded&#8221; title=&#8221;Sweetcorn&#8221; parallax_scroll=&#8221;no&#8221; woodmart_inline=&#8221;no&#8221;][\/vc_column][\/vc_row][vc_row][vc_column width=&#8221;1\/6&#8243;][vc_single_image image=&#8221;4507&#8243; alignment=&#8221;center&#8221; style=&#8221;vc_box_rounded&#8221; title=&#8221;Bulgur wheat&#8221; parallax_scroll=&#8221;no&#8221; woodmart_inline=&#8221;no&#8221;][\/vc_column][vc_column width=&#8221;1\/6&#8243;][vc_single_image image=&#8221;4508&#8243; alignment=&#8221;center&#8221; style=&#8221;vc_box_rounded&#8221; title=&#8221;Rice&#8221; parallax_scroll=&#8221;no&#8221; woodmart_inline=&#8221;no&#8221;][\/vc_column][vc_column width=&#8221;1\/6&#8243;][vc_single_image image=&#8221;4514&#8243; alignment=&#8221;center&#8221; style=&#8221;vc_box_rounded&#8221; title=&#8221;Flour&#8221; parallax_scroll=&#8221;no&#8221; woodmart_inline=&#8221;no&#8221;][\/vc_column][vc_column width=&#8221;1\/6&#8243;][vc_single_image image=&#8221;4511&#8243; alignment=&#8221;center&#8221; style=&#8221;vc_box_rounded&#8221; title=&#8221;Sunflower&#8221; parallax_scroll=&#8221;no&#8221; woodmart_inline=&#8221;no&#8221;][\/vc_column][vc_column width=&#8221;1\/6&#8243;][vc_single_image image=&#8221;4512&#8243; alignment=&#8221;center&#8221; style=&#8221;vc_box_rounded&#8221; title=&#8221;Coffee&#8221; parallax_scroll=&#8221;no&#8221; woodmart_inline=&#8221;no&#8221;][\/vc_column][vc_column width=&#8221;1\/6&#8243;][vc_single_image image=&#8221;4513&#8243; alignment=&#8221;center&#8221; style=&#8221;vc_box_rounded&#8221; title=&#8221;Bran&#8221; parallax_scroll=&#8221;no&#8221; woodmart_inline=&#8221;no&#8221;][\/vc_column][\/vc_row][vc_row mobile_bg_img_hidden=&#8221;no&#8221; tablet_bg_img_hidden=&#8221;no&#8221; woodmart_parallax=&#8221;0&#8243; woodmart_gradient_switch=&#8221;no&#8221; row_reverse_mobile=&#8221;0&#8243; row_reverse_tablet=&#8221;0&#8243; woodmart_disable_overflow=&#8221;0&#8243;][vc_column][vc_separator style=&#8221;dotted&#8221; border_width=&#8221;2&#8243;]\t\t\t<div id=\"wd-65e6db282967e\" class=\"wd-text-block-wrapper wd-wpb wd-rs-65e6db282967e color-scheme-dark text-center \">\n\t\t\t\t<div class=\"woodmart-title-container woodmart-text-block reset-last-child font-primary wd-font-weight-600 wd-fontsize-xxl\">\n\t\t\t\t\t<\/p>\n<h2>Pro-Force Size Chart<\/h2>\n<p>\t\t\t\t<\/div>\n\n\t\t\t\t\t\t\t<\/div>\n\t\t[\/vc_column][\/vc_row][vc_row][vc_column width=&#8221;1\/4&#8243;][vc_single_image image=&#8221;4519&#8243; img_size=&#8221;large&#8221; parallax_scroll=&#8221;no&#8221;][vc_column_text text_larger=&#8221;no&#8221; woodmart_inline=&#8221;no&#8221;]<\/p>\n<ul>\n<li>Holes are opened to the desired size.<\/li>\n<li>Bucket dimensions have a 5% tolerance.<\/li>\n<\/ul>\n<p>[\/vc_column_text][\/vc_column][vc_column width=&#8221;3\/4&#8243;][vc_single_image image=&#8221;4522&#8243; img_size=&#8221;large&#8221; parallax_scroll=&#8221;no&#8221;][\/vc_column][\/vc_row]<\/p>\n","protected":false},"excerpt":{"rendered":"<p>[vc_row css=&#8221;.vc_custom_1708078742068{margin-bottom: 0px !important;border-bottom-width: 0px !important;padding-bottom: 0px !important;}&#8221; mobile_bg_img_hidden=&#8221;no&#8221; tablet_bg_img_hidden=&#8221;no&#8221; woodmart_parallax=&#8221;0&#8243; woodmart_gradient_switch=&#8221;no&#8221; row_reverse_mobile=&#8221;0&#8243; row_reverse_tablet=&#8221;0&#8243; woodmart_disable_overflow=&#8221;0&#8243;][vc_column width=&#8221;1\/2&#8243; offset=&#8221;vc_col-lg-6 vc_col-md-6 vc_col-xs-12&#8243; mobile_bg_img_hidden=&#8221;no&#8221;<\/p>\n","protected":false},"author":1,"featured_media":0,"parent":0,"menu_order":0,"comment_status":"closed","ping_status":"closed","template":"","meta":{"_joinchat":[],"footnotes":""},"yoast_head":"<!-- This site is optimized with the Yoast SEO plugin v24.5 - https:\/\/yoast.com\/wordpress\/plugins\/seo\/ -->\n<title>Pro Force Elevator Bucket - PlastAgri<\/title>\n<meta name=\"robots\" content=\"index, follow, max-snippet:-1, max-image-preview:large, max-video-preview:-1\" \/>\n<link rel=\"canonical\" href=\"https:\/\/www.plastagri.com\/en\/pro-force-elevator-bucket\/\" \/>\n<meta property=\"og:locale\" content=\"en_US\" \/>\n<meta property=\"og:type\" content=\"article\" \/>\n<meta property=\"og:title\" content=\"Pro Force Elevator Bucket - PlastAgri\" \/>\n<meta property=\"og:description\" content=\"[vc_row css=&#8221;.vc_custom_1708078742068{margin-bottom: 0px !important;border-bottom-width: 0px !important;padding-bottom: 0px !important;}&#8221; mobile_bg_img_hidden=&#8221;no&#8221; tablet_bg_img_hidden=&#8221;no&#8221; woodmart_parallax=&#8221;0&#8243; woodmart_gradient_switch=&#8221;no&#8221; row_reverse_mobile=&#8221;0&#8243; row_reverse_tablet=&#8221;0&#8243; woodmart_disable_overflow=&#8221;0&#8243;][vc_column width=&#8221;1\/2&#8243; offset=&#8221;vc_col-lg-6 vc_col-md-6 vc_col-xs-12&#8243; mobile_bg_img_hidden=&#8221;no&#8221;\" \/>\n<meta property=\"og:url\" content=\"https:\/\/www.plastagri.com\/en\/pro-force-elevator-bucket\/\" \/>\n<meta property=\"og:site_name\" content=\"PlastAgri\" \/>\n<meta property=\"article:publisher\" content=\"https:\/\/www.facebook.com\/plastagri\" \/>\n<meta property=\"article:modified_time\" content=\"2024-03-05T08:44:00+00:00\" \/>\n<meta name=\"twitter:card\" content=\"summary_large_image\" \/>\n<meta name=\"twitter:label1\" content=\"Est. reading time\" \/>\n\t<meta name=\"twitter:data1\" content=\"5 minutes\" \/>\n<script type=\"application\/ld+json\" class=\"yoast-schema-graph\">{\"@context\":\"https:\/\/schema.org\",\"@graph\":[{\"@type\":\"WebPage\",\"@id\":\"https:\/\/www.plastagri.com\/en\/pro-force-elevator-bucket\/\",\"url\":\"https:\/\/www.plastagri.com\/en\/pro-force-elevator-bucket\/\",\"name\":\"Pro Force Elevator Bucket - PlastAgri\",\"isPartOf\":{\"@id\":\"https:\/\/www.plastagri.com\/#website\"},\"datePublished\":\"2024-02-16T13:36:12+00:00\",\"dateModified\":\"2024-03-05T08:44:00+00:00\",\"breadcrumb\":{\"@id\":\"https:\/\/www.plastagri.com\/en\/pro-force-elevator-bucket\/#breadcrumb\"},\"inLanguage\":\"en-US\",\"potentialAction\":[{\"@type\":\"ReadAction\",\"target\":[\"https:\/\/www.plastagri.com\/en\/pro-force-elevator-bucket\/\"]}]},{\"@type\":\"BreadcrumbList\",\"@id\":\"https:\/\/www.plastagri.com\/en\/pro-force-elevator-bucket\/#breadcrumb\",\"itemListElement\":[{\"@type\":\"ListItem\",\"position\":1,\"name\":\"Anasayfa\",\"item\":\"https:\/\/www.plastagri.com\/en\/\"},{\"@type\":\"ListItem\",\"position\":2,\"name\":\"Pro Force Elevator Bucket\"}]},{\"@type\":\"WebSite\",\"@id\":\"https:\/\/www.plastagri.com\/#website\",\"url\":\"https:\/\/www.plastagri.com\/\",\"name\":\"PlastAgri Elevat\u00f6r Kovalar\u0131\",\"description\":\"Elevat&ouml;r Kovalar\u0131 | Elevat&ouml;r Bantlar\u0131\",\"publisher\":{\"@id\":\"https:\/\/www.plastagri.com\/#organization\"},\"alternateName\":\"PlastAgri\",\"potentialAction\":[{\"@type\":\"SearchAction\",\"target\":{\"@type\":\"EntryPoint\",\"urlTemplate\":\"https:\/\/www.plastagri.com\/?s={search_term_string}\"},\"query-input\":{\"@type\":\"PropertyValueSpecification\",\"valueRequired\":true,\"valueName\":\"search_term_string\"}}],\"inLanguage\":\"en-US\"},{\"@type\":\"Organization\",\"@id\":\"https:\/\/www.plastagri.com\/#organization\",\"name\":\"PlastAgri\",\"url\":\"https:\/\/www.plastagri.com\/\",\"logo\":{\"@type\":\"ImageObject\",\"inLanguage\":\"en-US\",\"@id\":\"https:\/\/www.plastagri.com\/#\/schema\/logo\/image\/\",\"url\":\"https:\/\/www.plastagri.com\/wp-content\/uploads\/2024\/02\/cropped-plastagri-favicon.png\",\"contentUrl\":\"https:\/\/www.plastagri.com\/wp-content\/uploads\/2024\/02\/cropped-plastagri-favicon.png\",\"width\":512,\"height\":512,\"caption\":\"PlastAgri\"},\"image\":{\"@id\":\"https:\/\/www.plastagri.com\/#\/schema\/logo\/image\/\"},\"sameAs\":[\"https:\/\/www.facebook.com\/plastagri\",\"https:\/\/www.instagram.com\/plastagri_elevatorbuckets\/\",\"https:\/\/www.linkedin.com\/company\/plastagri-makina-san-tic-a-\/?viewAsMember=true\"]}]}<\/script>\n<!-- \/ Yoast SEO plugin. -->","yoast_head_json":{"title":"Pro Force Elevator Bucket - PlastAgri","robots":{"index":"index","follow":"follow","max-snippet":"max-snippet:-1","max-image-preview":"max-image-preview:large","max-video-preview":"max-video-preview:-1"},"canonical":"https:\/\/www.plastagri.com\/en\/pro-force-elevator-bucket\/","og_locale":"en_US","og_type":"article","og_title":"Pro Force Elevator Bucket - PlastAgri","og_description":"[vc_row css=&#8221;.vc_custom_1708078742068{margin-bottom: 0px !important;border-bottom-width: 0px !important;padding-bottom: 0px !important;}&#8221; mobile_bg_img_hidden=&#8221;no&#8221; tablet_bg_img_hidden=&#8221;no&#8221; woodmart_parallax=&#8221;0&#8243; woodmart_gradient_switch=&#8221;no&#8221; row_reverse_mobile=&#8221;0&#8243; row_reverse_tablet=&#8221;0&#8243; woodmart_disable_overflow=&#8221;0&#8243;][vc_column width=&#8221;1\/2&#8243; offset=&#8221;vc_col-lg-6 vc_col-md-6 vc_col-xs-12&#8243; mobile_bg_img_hidden=&#8221;no&#8221;","og_url":"https:\/\/www.plastagri.com\/en\/pro-force-elevator-bucket\/","og_site_name":"PlastAgri","article_publisher":"https:\/\/www.facebook.com\/plastagri","article_modified_time":"2024-03-05T08:44:00+00:00","twitter_card":"summary_large_image","twitter_misc":{"Est. reading time":"5 minutes"},"schema":{"@context":"https:\/\/schema.org","@graph":[{"@type":"WebPage","@id":"https:\/\/www.plastagri.com\/en\/pro-force-elevator-bucket\/","url":"https:\/\/www.plastagri.com\/en\/pro-force-elevator-bucket\/","name":"Pro Force Elevator Bucket - PlastAgri","isPartOf":{"@id":"https:\/\/www.plastagri.com\/#website"},"datePublished":"2024-02-16T13:36:12+00:00","dateModified":"2024-03-05T08:44:00+00:00","breadcrumb":{"@id":"https:\/\/www.plastagri.com\/en\/pro-force-elevator-bucket\/#breadcrumb"},"inLanguage":"en-US","potentialAction":[{"@type":"ReadAction","target":["https:\/\/www.plastagri.com\/en\/pro-force-elevator-bucket\/"]}]},{"@type":"BreadcrumbList","@id":"https:\/\/www.plastagri.com\/en\/pro-force-elevator-bucket\/#breadcrumb","itemListElement":[{"@type":"ListItem","position":1,"name":"Anasayfa","item":"https:\/\/www.plastagri.com\/en\/"},{"@type":"ListItem","position":2,"name":"Pro Force Elevator Bucket"}]},{"@type":"WebSite","@id":"https:\/\/www.plastagri.com\/#website","url":"https:\/\/www.plastagri.com\/","name":"PlastAgri Elevat\u00f6r Kovalar\u0131","description":"Elevat&ouml;r Kovalar\u0131 | Elevat&ouml;r Bantlar\u0131","publisher":{"@id":"https:\/\/www.plastagri.com\/#organization"},"alternateName":"PlastAgri","potentialAction":[{"@type":"SearchAction","target":{"@type":"EntryPoint","urlTemplate":"https:\/\/www.plastagri.com\/?s={search_term_string}"},"query-input":{"@type":"PropertyValueSpecification","valueRequired":true,"valueName":"search_term_string"}}],"inLanguage":"en-US"},{"@type":"Organization","@id":"https:\/\/www.plastagri.com\/#organization","name":"PlastAgri","url":"https:\/\/www.plastagri.com\/","logo":{"@type":"ImageObject","inLanguage":"en-US","@id":"https:\/\/www.plastagri.com\/#\/schema\/logo\/image\/","url":"https:\/\/www.plastagri.com\/wp-content\/uploads\/2024\/02\/cropped-plastagri-favicon.png","contentUrl":"https:\/\/www.plastagri.com\/wp-content\/uploads\/2024\/02\/cropped-plastagri-favicon.png","width":512,"height":512,"caption":"PlastAgri"},"image":{"@id":"https:\/\/www.plastagri.com\/#\/schema\/logo\/image\/"},"sameAs":["https:\/\/www.facebook.com\/plastagri","https:\/\/www.instagram.com\/plastagri_elevatorbuckets\/","https:\/\/www.linkedin.com\/company\/plastagri-makina-san-tic-a-\/?viewAsMember=true"]}]}},"_links":{"self":[{"href":"https:\/\/www.plastagri.com\/en\/wp-json\/wp\/v2\/pages\/4623"}],"collection":[{"href":"https:\/\/www.plastagri.com\/en\/wp-json\/wp\/v2\/pages"}],"about":[{"href":"https:\/\/www.plastagri.com\/en\/wp-json\/wp\/v2\/types\/page"}],"author":[{"embeddable":true,"href":"https:\/\/www.plastagri.com\/en\/wp-json\/wp\/v2\/users\/1"}],"replies":[{"embeddable":true,"href":"https:\/\/www.plastagri.com\/en\/wp-json\/wp\/v2\/comments?post=4623"}],"version-history":[{"count":6,"href":"https:\/\/www.plastagri.com\/en\/wp-json\/wp\/v2\/pages\/4623\/revisions"}],"predecessor-version":[{"id":4648,"href":"https:\/\/www.plastagri.com\/en\/wp-json\/wp\/v2\/pages\/4623\/revisions\/4648"}],"wp:attachment":[{"href":"https:\/\/www.plastagri.com\/en\/wp-json\/wp\/v2\/media?parent=4623"}],"curies":[{"name":"wp","href":"https:\/\/api.w.org\/{rel}","templated":true}]}}